{"id":8346,"date":"2024-10-11T14:08:24","date_gmt":"2024-10-11T11:08:24","guid":{"rendered":"https:\/\/www.eternitylogistic.com\/?page_id=8346"},"modified":"2025-03-20T13:04:11","modified_gmt":"2025-03-20T10:04:11","slug":"depolama-hizmetleri","status":"publish","type":"page","link":"https:\/\/www.eternitylogistic.com\/en\/depolama-hizmetleri\/","title":{"rendered":"Depolama Hizmetleri"},"content":{"rendered":"<h2 class=\"wp-block-heading\">Eternity Logistic: Depolama Hizmetleri Hakk\u0131nda<\/h2>\n\n\n\n<div class=\"wp-block-columns is-layout-flex wp-container-core-columns-is-layout-9d6595d7 wp-block-columns-is-layout-flex\">\n<div class=\"wp-block-column is-layout-flow wp-block-column-is-layout-flow\">\n<figure class=\"wp-block-image size-large\"><img data-dominant-color=\"4f4430\" data-has-transparency=\"false\" style=\"--dominant-color: #4f4430;\" fetchpriority=\"high\" decoding=\"async\" width=\"1024\" height=\"768\" sizes=\"(max-width: 1024px) 100vw, 1024px\" src=\"https:\/\/www.eternitylogistic.com\/wp-content\/uploads\/2024\/10\/Depolamaeternitywebsite-1024x768.webp\" alt=\"Depolamaeternitywebsite\" class=\"wp-image-8367 not-transparent\" srcset=\"https:\/\/www.eternitylogistic.com\/wp-content\/uploads\/2024\/10\/Depolamaeternitywebsite-1024x768.webp 1024w, https:\/\/www.eternitylogistic.com\/wp-content\/uploads\/2024\/10\/Depolamaeternitywebsite-300x225.webp 300w, https:\/\/www.eternitylogistic.com\/wp-content\/uploads\/2024\/10\/Depolamaeternitywebsite-768x576.webp 768w, https:\/\/www.eternitylogistic.com\/wp-content\/uploads\/2024\/10\/Depolamaeternitywebsite-1536x1152.webp 1536w, https:\/\/www.eternitylogistic.com\/wp-content\/uploads\/2024\/10\/Depolamaeternitywebsite-jpg.webp 2000w\" \/><\/figure>\n<\/div>\n\n\n\n<div class=\"wp-block-column is-layout-flow wp-block-column-is-layout-flow\">\n<p>Eternity Logistic, depolama hizmetleri konusunda da m\u00fc\u015fterilerine \u00e7\u00f6z\u00fcmler sunar. Modern depolama tesislerimiz, m\u00fc\u015fterilerimizin depolama ihtiya\u00e7lar\u0131n\u0131 kar\u015f\u0131lamak \u00fczere tasarlanm\u0131\u015ft\u0131r. Firma olarak, m\u00fc\u015fterilerimizin depolama s\u00fcre\u00e7lerini kolayla\u015ft\u0131rmak i\u00e7in geni\u015f bir depolama hizmeti yelpazesi sunuyoruz. Depolama hizmetlerimiz aras\u0131nda, farkl\u0131 boyutlardaki e\u015fyalar i\u00e7in \u00f6zel olarak tasarlanm\u0131\u015f depolama alanlar\u0131, y\u00fcksek teknolojili g\u00fcvenlik sistemleri, hava ko\u015fullar\u0131na uygun depolama alanlar\u0131, ambalajlama ve paketleme hizmetleri gibi bir\u00e7ok se\u00e7enek yer al\u0131yor. Depolama hizmetlerimiz, m\u00fc\u015fterilerimize zaman, maliyet ve i\u015f g\u00fcc\u00fc tasarrufu sa\u011flamalar\u0131na olanak tan\u0131r. Ayr\u0131ca, m\u00fc\u015fterilerimiz depolama s\u00fcrecinde e\u015fyalar\u0131n\u0131n g\u00fcvenli\u011fi konusunda da endi\u015fe etmeden rahatl\u0131kla i\u015flerine odaklanabilirler.<\/p>\n<\/div>\n<\/div>","protected":false},"excerpt":{"rendered":"<p>Eternity Logistic: Depolama Hizmetleri Hakk\u0131nda Eternity Logistic, depolama hizmetleri konusunda da m\u00fc\u015fterilerine \u00e7\u00f6z\u00fcmler sunar. Modern depolama tesislerimiz, m\u00fc\u015fterilerimizin depolama ihtiya\u00e7lar\u0131n\u0131 kar\u015f\u0131lamak \u00fczere tasarlanm\u0131\u015ft\u0131r. Firma olarak, m\u00fc\u015fterilerimizin depolama s\u00fcre\u00e7lerini kolayla\u015ft\u0131rmak i\u00e7in geni\u015f bir depolama hizmeti yelpazesi sunuyoruz. Depolama hizmetlerimiz aras\u0131nda, farkl\u0131 boyutlardaki e\u015fyalar i\u00e7in \u00f6zel olarak tasarlanm\u0131\u015f depolama alanlar\u0131, y\u00fcksek teknolojili g\u00fcvenlik sistemleri, hava ko\u015fullar\u0131na uygun [&hellip;]<\/p>\n","protected":false},"author":1,"featured_media":0,"parent":0,"menu_order":0,"comment_status":"closed","ping_status":"closed","template":"","meta":{"footnotes":""},"class_list":["post-8346","page","type-page","status-publish","hentry"],"yoast_head":"<!-- This site is optimized with the Yoast SEO plugin v27.1.1 - https:\/\/yoast.com\/product\/yoast-seo-wordpress\/ -->\n<title>Depolama Hizmetleri - Eternity Logistic<\/title>\n<meta name=\"description\" content=\"Eternity Logistic ile g\u00fcvenilir ve modern depolama hizmetleri! Kargonuz i\u00e7in \u00f6zel \u00e7\u00f6z\u00fcmler, y\u00fcksek g\u00fcvenlik ve verimli stok y\u00f6netimi sunuyoruz.\" \/>\n<meta name=\"robots\" content=\"index, follow, max-snippet:-1, max-image-preview:large, max-video-preview:-1\" \/>\n<link rel=\"canonical\" href=\"https:\/\/www.eternitylogistic.com\/en\/depolama-hizmetleri\/\" \/>\n<meta property=\"og:locale\" content=\"en_US\" \/>\n<meta property=\"og:type\" content=\"article\" \/>\n<meta property=\"og:title\" content=\"Depolama Hizmetleri - Eternity Logistic\" \/>\n<meta property=\"og:description\" content=\"Eternity Logistic ile g\u00fcvenilir ve modern depolama hizmetleri! Kargonuz i\u00e7in \u00f6zel \u00e7\u00f6z\u00fcmler, y\u00fcksek g\u00fcvenlik ve verimli stok y\u00f6netimi sunuyoruz.\" \/>\n<meta property=\"og:url\" content=\"https:\/\/www.eternitylogistic.com\/en\/depolama-hizmetleri\/\" \/>\n<meta property=\"og:site_name\" content=\"Eternity Logistic\" \/>\n<meta property=\"article:publisher\" content=\"https:\/\/www.facebook.com\/eternitylogistic\" \/>\n<meta property=\"article:modified_time\" content=\"2025-03-20T10:04:11+00:00\" \/>\n<meta property=\"og:image\" content=\"https:\/\/www.eternitylogistic.com\/wp-content\/uploads\/2024\/10\/Depolamaeternitywebsite-jpg.webp\" \/>\n\t<meta property=\"og:image:width\" content=\"2000\" \/>\n\t<meta property=\"og:image:height\" content=\"1500\" \/>\n\t<meta property=\"og:image:type\" content=\"image\/jpeg\" \/>\n<meta name=\"twitter:card\" content=\"summary_large_image\" \/>\n<meta name=\"twitter:label1\" content=\"Est. reading time\" \/>\n\t<meta name=\"twitter:data1\" content=\"1 minute\" \/>\n<script type=\"application\/ld+json\" class=\"yoast-schema-graph\">{\"@context\":\"https:\/\/schema.org\",\"@graph\":[{\"@type\":\"WebPage\",\"@id\":\"https:\/\/www.eternitylogistic.com\/depolama-hizmetleri\/\",\"url\":\"https:\/\/www.eternitylogistic.com\/depolama-hizmetleri\/\",\"name\":\"Depolama Hizmetleri - Eternity Logistic\",\"isPartOf\":{\"@id\":\"https:\/\/www.eternitylogistic.com\/#website\"},\"primaryImageOfPage\":{\"@id\":\"https:\/\/www.eternitylogistic.com\/depolama-hizmetleri\/#primaryimage\"},\"image\":{\"@id\":\"https:\/\/www.eternitylogistic.com\/depolama-hizmetleri\/#primaryimage\"},\"thumbnailUrl\":\"https:\/\/www.eternitylogistic.com\/wp-content\/uploads\/2024\/10\/Depolamaeternitywebsite-1024x768.webp\",\"datePublished\":\"2024-10-11T11:08:24+00:00\",\"dateModified\":\"2025-03-20T10:04:11+00:00\",\"description\":\"Eternity Logistic ile g\u00fcvenilir ve modern depolama hizmetleri! Kargonuz i\u00e7in \u00f6zel \u00e7\u00f6z\u00fcmler, y\u00fcksek g\u00fcvenlik ve verimli stok y\u00f6netimi sunuyoruz.\",\"breadcrumb\":{\"@id\":\"https:\/\/www.eternitylogistic.com\/depolama-hizmetleri\/#breadcrumb\"},\"inLanguage\":\"en-US\",\"potentialAction\":[{\"@type\":\"ReadAction\",\"target\":[\"https:\/\/www.eternitylogistic.com\/depolama-hizmetleri\/\"]}]},{\"@type\":\"ImageObject\",\"inLanguage\":\"en-US\",\"@id\":\"https:\/\/www.eternitylogistic.com\/depolama-hizmetleri\/#primaryimage\",\"url\":\"https:\/\/www.eternitylogistic.com\/wp-content\/uploads\/2024\/10\/Depolamaeternitywebsite-1024x768.webp\",\"contentUrl\":\"https:\/\/www.eternitylogistic.com\/wp-content\/uploads\/2024\/10\/Depolamaeternitywebsite-1024x768.webp\"},{\"@type\":\"BreadcrumbList\",\"@id\":\"https:\/\/www.eternitylogistic.com\/depolama-hizmetleri\/#breadcrumb\",\"itemListElement\":[{\"@type\":\"ListItem\",\"position\":1,\"name\":\"Home\",\"item\":\"https:\/\/www.eternitylogistic.com\/\"},{\"@type\":\"ListItem\",\"position\":2,\"name\":\"Depolama Hizmetleri\"}]},{\"@type\":\"WebSite\",\"@id\":\"https:\/\/www.eternitylogistic.com\/#website\",\"url\":\"https:\/\/www.eternitylogistic.com\/\",\"name\":\"Eternity Logistic\",\"description\":\"Uluslararas\u0131 Ta\u015f\u0131mac\u0131l\u0131k Hizmetleri\",\"publisher\":{\"@id\":\"https:\/\/www.eternitylogistic.com\/#organization\"},\"potentialAction\":[{\"@type\":\"SearchAction\",\"target\":{\"@type\":\"EntryPoint\",\"urlTemplate\":\"https:\/\/www.eternitylogistic.com\/?s={search_term_string}\"},\"query-input\":{\"@type\":\"PropertyValueSpecification\",\"valueRequired\":true,\"valueName\":\"search_term_string\"}}],\"inLanguage\":\"en-US\"},{\"@type\":\"Organization\",\"@id\":\"https:\/\/www.eternitylogistic.com\/#organization\",\"name\":\"Eternity Logistic\",\"url\":\"https:\/\/www.eternitylogistic.com\/\",\"logo\":{\"@type\":\"ImageObject\",\"inLanguage\":\"en-US\",\"@id\":\"https:\/\/www.eternitylogistic.com\/#\/schema\/logo\/image\/\",\"url\":\"https:\/\/www.eternitylogistic.com\/wp-content\/uploads\/2023\/04\/eternity-logo-1.png\",\"contentUrl\":\"https:\/\/www.eternitylogistic.com\/wp-content\/uploads\/2023\/04\/eternity-logo-1.png\",\"width\":612,\"height\":174,\"caption\":\"Eternity Logistic\"},\"image\":{\"@id\":\"https:\/\/www.eternitylogistic.com\/#\/schema\/logo\/image\/\"},\"sameAs\":[\"https:\/\/www.facebook.com\/eternitylogistic\",\"https:\/\/www.instagram.com\/eternitylogistic\/\",\"https:\/\/www.linkedin.com\/company\/eternitylogistic\/\"]}]}<\/script>\n<!-- \/ Yoast SEO plugin. -->","yoast_head_json":{"title":"Depolama Hizmetleri - Eternity Logistic","description":"Eternity Logistic ile g\u00fcvenilir ve modern depolama hizmetleri! Kargonuz i\u00e7in \u00f6zel \u00e7\u00f6z\u00fcmler, y\u00fcksek g\u00fcvenlik ve verimli stok y\u00f6netimi sunuyoruz.","robots":{"index":"index","follow":"follow","max-snippet":"max-snippet:-1","max-image-preview":"max-image-preview:large","max-video-preview":"max-video-preview:-1"},"canonical":"https:\/\/www.eternitylogistic.com\/en\/depolama-hizmetleri\/","og_locale":"en_US","og_type":"article","og_title":"Depolama Hizmetleri - Eternity Logistic","og_description":"Eternity Logistic ile g\u00fcvenilir ve modern depolama hizmetleri! Kargonuz i\u00e7in \u00f6zel \u00e7\u00f6z\u00fcmler, y\u00fcksek g\u00fcvenlik ve verimli stok y\u00f6netimi sunuyoruz.","og_url":"https:\/\/www.eternitylogistic.com\/en\/depolama-hizmetleri\/","og_site_name":"Eternity Logistic","article_publisher":"https:\/\/www.facebook.com\/eternitylogistic","article_modified_time":"2025-03-20T10:04:11+00:00","og_image":[{"width":2000,"height":1500,"url":"https:\/\/www.eternitylogistic.com\/wp-content\/uploads\/2024\/10\/Depolamaeternitywebsite-jpg.webp","type":"image\/jpeg"}],"twitter_card":"summary_large_image","twitter_misc":{"Est. reading time":"1 minute"},"schema":{"@context":"https:\/\/schema.org","@graph":[{"@type":"WebPage","@id":"https:\/\/www.eternitylogistic.com\/depolama-hizmetleri\/","url":"https:\/\/www.eternitylogistic.com\/depolama-hizmetleri\/","name":"Depolama Hizmetleri - Eternity Logistic","isPartOf":{"@id":"https:\/\/www.eternitylogistic.com\/#website"},"primaryImageOfPage":{"@id":"https:\/\/www.eternitylogistic.com\/depolama-hizmetleri\/#primaryimage"},"image":{"@id":"https:\/\/www.eternitylogistic.com\/depolama-hizmetleri\/#primaryimage"},"thumbnailUrl":"https:\/\/www.eternitylogistic.com\/wp-content\/uploads\/2024\/10\/Depolamaeternitywebsite-1024x768.webp","datePublished":"2024-10-11T11:08:24+00:00","dateModified":"2025-03-20T10:04:11+00:00","description":"Eternity Logistic ile g\u00fcvenilir ve modern depolama hizmetleri! Kargonuz i\u00e7in \u00f6zel \u00e7\u00f6z\u00fcmler, y\u00fcksek g\u00fcvenlik ve verimli stok y\u00f6netimi sunuyoruz.","breadcrumb":{"@id":"https:\/\/www.eternitylogistic.com\/depolama-hizmetleri\/#breadcrumb"},"inLanguage":"en-US","potentialAction":[{"@type":"ReadAction","target":["https:\/\/www.eternitylogistic.com\/depolama-hizmetleri\/"]}]},{"@type":"ImageObject","inLanguage":"en-US","@id":"https:\/\/www.eternitylogistic.com\/depolama-hizmetleri\/#primaryimage","url":"https:\/\/www.eternitylogistic.com\/wp-content\/uploads\/2024\/10\/Depolamaeternitywebsite-1024x768.webp","contentUrl":"https:\/\/www.eternitylogistic.com\/wp-content\/uploads\/2024\/10\/Depolamaeternitywebsite-1024x768.webp"},{"@type":"BreadcrumbList","@id":"https:\/\/www.eternitylogistic.com\/depolama-hizmetleri\/#breadcrumb","itemListElement":[{"@type":"ListItem","position":1,"name":"Home","item":"https:\/\/www.eternitylogistic.com\/"},{"@type":"ListItem","position":2,"name":"Depolama Hizmetleri"}]},{"@type":"WebSite","@id":"https:\/\/www.eternitylogistic.com\/#website","url":"https:\/\/www.eternitylogistic.com\/","name":"Eternity Logistic","description":"Uluslararas\u0131 Ta\u015f\u0131mac\u0131l\u0131k Hizmetleri","publisher":{"@id":"https:\/\/www.eternitylogistic.com\/#organization"},"potentialAction":[{"@type":"SearchAction","target":{"@type":"EntryPoint","urlTemplate":"https:\/\/www.eternitylogistic.com\/?s={search_term_string}"},"query-input":{"@type":"PropertyValueSpecification","valueRequired":true,"valueName":"search_term_string"}}],"inLanguage":"en-US"},{"@type":"Organization","@id":"https:\/\/www.eternitylogistic.com\/#organization","name":"Eternity Logistic","url":"https:\/\/www.eternitylogistic.com\/","logo":{"@type":"ImageObject","inLanguage":"en-US","@id":"https:\/\/www.eternitylogistic.com\/#\/schema\/logo\/image\/","url":"https:\/\/www.eternitylogistic.com\/wp-content\/uploads\/2023\/04\/eternity-logo-1.png","contentUrl":"https:\/\/www.eternitylogistic.com\/wp-content\/uploads\/2023\/04\/eternity-logo-1.png","width":612,"height":174,"caption":"Eternity Logistic"},"image":{"@id":"https:\/\/www.eternitylogistic.com\/#\/schema\/logo\/image\/"},"sameAs":["https:\/\/www.facebook.com\/eternitylogistic","https:\/\/www.instagram.com\/eternitylogistic\/","https:\/\/www.linkedin.com\/company\/eternitylogistic\/"]}]}},"_links":{"self":[{"href":"https:\/\/www.eternitylogistic.com\/en\/wp-json\/wp\/v2\/pages\/8346","targetHints":{"allow":["GET"]}}],"collection":[{"href":"https:\/\/www.eternitylogistic.com\/en\/wp-json\/wp\/v2\/pages"}],"about":[{"href":"https:\/\/www.eternitylogistic.com\/en\/wp-json\/wp\/v2\/types\/page"}],"author":[{"embeddable":true,"href":"https:\/\/www.eternitylogistic.com\/en\/wp-json\/wp\/v2\/users\/1"}],"replies":[{"embeddable":true,"href":"https:\/\/www.eternitylogistic.com\/en\/wp-json\/wp\/v2\/comments?post=8346"}],"version-history":[{"count":3,"href":"https:\/\/www.eternitylogistic.com\/en\/wp-json\/wp\/v2\/pages\/8346\/revisions"}],"predecessor-version":[{"id":8679,"href":"https:\/\/www.eternitylogistic.com\/en\/wp-json\/wp\/v2\/pages\/8346\/revisions\/8679"}],"wp:attachment":[{"href":"https:\/\/www.eternitylogistic.com\/en\/wp-json\/wp\/v2\/media?parent=8346"}],"curies":[{"name":"wp","href":"https:\/\/api.w.org\/{rel}","templated":true}]}}