{"id":8344,"date":"2024-10-11T14:07:17","date_gmt":"2024-10-11T11:07:17","guid":{"rendered":"https:\/\/www.eternitylogistic.com\/?page_id=8344"},"modified":"2025-05-21T18:14:18","modified_gmt":"2025-05-21T15:14:18","slug":"demiryolu-tasimaciligi","status":"publish","type":"page","link":"https:\/\/www.eternitylogistic.com\/en\/demiryolu-tasimaciligi\/","title":{"rendered":"Demiryolu Ta\u015f\u0131mac\u0131l\u0131\u011f\u0131"},"content":{"rendered":"<h2 class=\"wp-block-heading\"><strong>Eternity Logistic: Demiryolu Ta\u015f\u0131mac\u0131l\u0131\u011f\u0131 Hizmetleri<\/strong><\/h2>\n\n\n\n<div class=\"wp-block-columns is-layout-flex wp-container-core-columns-is-layout-9d6595d7 wp-block-columns-is-layout-flex\">\n<div class=\"wp-block-column is-layout-flow wp-block-column-is-layout-flow\">\n<figure class=\"wp-block-image size-large\"><img data-dominant-color=\"675849\" data-has-transparency=\"false\" style=\"--dominant-color: #675849;\" fetchpriority=\"high\" decoding=\"async\" width=\"1024\" height=\"768\" sizes=\"(max-width: 1024px) 100vw, 1024px\" src=\"https:\/\/www.eternitylogistic.com\/wp-content\/uploads\/2024\/10\/Demiryolueternitywebsite-1024x768.webp\" alt=\"Demiryolueternitywebsite\" class=\"wp-image-8365 not-transparent\" srcset=\"https:\/\/www.eternitylogistic.com\/wp-content\/uploads\/2024\/10\/Demiryolueternitywebsite-1024x768.webp 1024w, https:\/\/www.eternitylogistic.com\/wp-content\/uploads\/2024\/10\/Demiryolueternitywebsite-300x225.webp 300w, https:\/\/www.eternitylogistic.com\/wp-content\/uploads\/2024\/10\/Demiryolueternitywebsite-768x576.webp 768w, https:\/\/www.eternitylogistic.com\/wp-content\/uploads\/2024\/10\/Demiryolueternitywebsite-1536x1152.webp 1536w, https:\/\/www.eternitylogistic.com\/wp-content\/uploads\/2024\/10\/Demiryolueternitywebsite-jpg.webp 2000w\" \/><\/figure>\n<\/div>\n\n\n\n<div class=\"wp-block-column is-layout-flow wp-block-column-is-layout-flow\">\n<p>Eternity Logistic, demiryolu ta\u015f\u0131mac\u0131l\u0131\u011f\u0131 hizmetleri konusunda da m\u00fc\u015fterilerine ekonomik ve \u00e7evre dostu ta\u015f\u0131mac\u0131l\u0131k se\u00e7enekleri sunar. Demiryolu ta\u015f\u0131mac\u0131l\u0131\u011f\u0131, \u00f6zellikle a\u011f\u0131r y\u00fcklerin ta\u015f\u0131nmas\u0131nda tercih edilen bir y\u00f6ntemdir. Firma olarak, m\u00fc\u015fterilerimizin ihtiya\u00e7lar\u0131na g\u00f6re tam veya parsiyel y\u00fcklemeler yaparak, geni\u015f bir demiryolu a\u011f\u0131 \u00fczerinden hizmet veriyoruz. Demiryolu ta\u015f\u0131mac\u0131l\u0131\u011f\u0131 hizmetimiz sayesinde, m\u00fc\u015fterilerimiz y\u00fcklerinin daha ekonomik bir \u015fekilde ta\u015f\u0131nmas\u0131n\u0131 sa\u011flayabilirler. Ayr\u0131ca, demiryolu ta\u015f\u0131mac\u0131l\u0131\u011f\u0131 \u00e7evre dostu bir se\u00e7enek oldu\u011fu i\u00e7in, firmam\u0131z da \u00e7evre konusunda duyarl\u0131 bir yakla\u015f\u0131m sergilemektedir.Ayr\u0131ca demiryolu ta\u015f\u0131mac\u0131l\u0131\u011f\u0131, s\u0131n\u0131r \u00f6tesi lojistik operasyonlarda g\u00fcmr\u00fck s\u00fcre\u00e7lerini daha etkin y\u00f6netme avantaj\u0131 sunar. Eternity Logistic olarak, uluslararas\u0131 demiryolu hatlar\u0131nda deneyimli i\u015f ortaklar\u0131m\u0131zla birlikte \u00e7al\u0131\u015farak, hem zaman\u0131nda teslimat hem de operasyonel verimlilik sa\u011fl\u0131yoruz.Y\u00fcklerin ta\u015f\u0131nma s\u00fcrecinde takip sistemlerimiz sayesinde m\u00fc\u015fterilerimiz anl\u0131k bilgi alabilir, ta\u015f\u0131ma s\u00fcrecini \u015feffaf bir \u015fekilde izleyebilir. Bu da s\u00fcre\u00e7 boyunca g\u00fcvenin ve memnuniyetin artmas\u0131na katk\u0131 sa\u011flar.Demiryolu ta\u015f\u0131mac\u0131l\u0131\u011f\u0131 hizmetimiz, karayolu ve denizyolu gibi di\u011fer ta\u015f\u0131ma y\u00f6ntemleriyle entegre edilerek intermodal \u00e7\u00f6z\u00fcmlerle desteklenebilir. Bu sayede farkl\u0131 ta\u015f\u0131ma modlar\u0131n\u0131n avantajlar\u0131ndan faydalan\u0131larak, maliyetler optimize edilirken esneklik de art\u0131r\u0131l\u0131r.Eternity Logistic, lojistik s\u00fcre\u00e7lerin her a\u015famas\u0131nda \u00e7\u00f6z\u00fcm odakl\u0131 yakla\u015f\u0131m\u0131yla, demiryolu ta\u015f\u0131mac\u0131l\u0131\u011f\u0131nda da s\u00fcrd\u00fcr\u00fclebilir ve etkin lojistik \u00e7\u00f6z\u00fcmler sunmaya devam etmektedir.<\/p>\n<\/div>\n<\/div>","protected":false},"excerpt":{"rendered":"<p>Eternity Logistic: Demiryolu Ta\u015f\u0131mac\u0131l\u0131\u011f\u0131 Hizmetleri Eternity Logistic, demiryolu ta\u015f\u0131mac\u0131l\u0131\u011f\u0131 hizmetleri konusunda da m\u00fc\u015fterilerine ekonomik ve \u00e7evre dostu ta\u015f\u0131mac\u0131l\u0131k se\u00e7enekleri sunar. Demiryolu ta\u015f\u0131mac\u0131l\u0131\u011f\u0131, \u00f6zellikle a\u011f\u0131r y\u00fcklerin ta\u015f\u0131nmas\u0131nda tercih edilen bir y\u00f6ntemdir. Firma olarak, m\u00fc\u015fterilerimizin ihtiya\u00e7lar\u0131na g\u00f6re tam veya parsiyel y\u00fcklemeler yaparak, geni\u015f bir demiryolu a\u011f\u0131 \u00fczerinden hizmet veriyoruz. Demiryolu ta\u015f\u0131mac\u0131l\u0131\u011f\u0131 hizmetimiz sayesinde, m\u00fc\u015fterilerimiz y\u00fcklerinin daha ekonomik [&hellip;]<\/p>\n","protected":false},"author":1,"featured_media":0,"parent":0,"menu_order":0,"comment_status":"closed","ping_status":"closed","template":"","meta":{"footnotes":""},"class_list":["post-8344","page","type-page","status-publish","hentry"],"yoast_head":"<!-- This site is optimized with the Yoast SEO plugin v27.1.1 - https:\/\/yoast.com\/product\/yoast-seo-wordpress\/ -->\n<title>Demiryolu Ta\u015f\u0131mac\u0131l\u0131\u011f\u0131 - Eternity Logistic<\/title>\n<meta name=\"description\" content=\"Eternity Logistic ile g\u00fcvenli ve ekonomik demiryolu ta\u015f\u0131mac\u0131l\u0131\u011f\u0131 \u00e7\u00f6z\u00fcmleri! Y\u00fcklerinizi h\u0131zl\u0131, ve zaman\u0131nda ta\u015f\u0131rken, geni\u015f demiryolu a\u011f\u0131m\u0131zla her t\u00fcrl\u00fc ta\u015f\u0131mac\u0131l\u0131k hizmeti veriyoruz.\" \/>\n<meta name=\"robots\" content=\"index, follow, max-snippet:-1, max-image-preview:large, max-video-preview:-1\" \/>\n<link rel=\"canonical\" href=\"https:\/\/www.eternitylogistic.com\/en\/demiryolu-tasimaciligi\/\" \/>\n<meta property=\"og:locale\" content=\"en_US\" \/>\n<meta property=\"og:type\" content=\"article\" \/>\n<meta property=\"og:title\" content=\"Demiryolu Ta\u015f\u0131mac\u0131l\u0131\u011f\u0131 - Eternity Logistic\" \/>\n<meta property=\"og:description\" content=\"Eternity Logistic ile g\u00fcvenli ve ekonomik demiryolu ta\u015f\u0131mac\u0131l\u0131\u011f\u0131 \u00e7\u00f6z\u00fcmleri! Y\u00fcklerinizi h\u0131zl\u0131, ve zaman\u0131nda ta\u015f\u0131rken, geni\u015f demiryolu a\u011f\u0131m\u0131zla her t\u00fcrl\u00fc ta\u015f\u0131mac\u0131l\u0131k hizmeti veriyoruz.\" \/>\n<meta property=\"og:url\" content=\"https:\/\/www.eternitylogistic.com\/en\/demiryolu-tasimaciligi\/\" \/>\n<meta property=\"og:site_name\" content=\"Eternity Logistic\" \/>\n<meta property=\"article:publisher\" content=\"https:\/\/www.facebook.com\/eternitylogistic\" \/>\n<meta property=\"article:modified_time\" content=\"2025-05-21T15:14:18+00:00\" \/>\n<meta property=\"og:image\" content=\"https:\/\/www.eternitylogistic.com\/wp-content\/uploads\/2024\/10\/Demiryolueternitywebsite-jpg.webp\" \/>\n\t<meta property=\"og:image:width\" content=\"2000\" \/>\n\t<meta property=\"og:image:height\" content=\"1500\" \/>\n\t<meta property=\"og:image:type\" content=\"image\/jpeg\" \/>\n<meta name=\"twitter:card\" content=\"summary_large_image\" \/>\n<meta name=\"twitter:label1\" content=\"Est. reading time\" \/>\n\t<meta name=\"twitter:data1\" content=\"1 minute\" \/>\n<script type=\"application\/ld+json\" class=\"yoast-schema-graph\">{\"@context\":\"https:\/\/schema.org\",\"@graph\":[{\"@type\":\"WebPage\",\"@id\":\"https:\/\/www.eternitylogistic.com\/demiryolu-tasimaciligi\/\",\"url\":\"https:\/\/www.eternitylogistic.com\/demiryolu-tasimaciligi\/\",\"name\":\"Demiryolu Ta\u015f\u0131mac\u0131l\u0131\u011f\u0131 - Eternity Logistic\",\"isPartOf\":{\"@id\":\"https:\/\/www.eternitylogistic.com\/#website\"},\"primaryImageOfPage\":{\"@id\":\"https:\/\/www.eternitylogistic.com\/demiryolu-tasimaciligi\/#primaryimage\"},\"image\":{\"@id\":\"https:\/\/www.eternitylogistic.com\/demiryolu-tasimaciligi\/#primaryimage\"},\"thumbnailUrl\":\"https:\/\/www.eternitylogistic.com\/wp-content\/uploads\/2024\/10\/Demiryolueternitywebsite-1024x768.webp\",\"datePublished\":\"2024-10-11T11:07:17+00:00\",\"dateModified\":\"2025-05-21T15:14:18+00:00\",\"description\":\"Eternity Logistic ile g\u00fcvenli ve ekonomik demiryolu ta\u015f\u0131mac\u0131l\u0131\u011f\u0131 \u00e7\u00f6z\u00fcmleri! Y\u00fcklerinizi h\u0131zl\u0131, ve zaman\u0131nda ta\u015f\u0131rken, geni\u015f demiryolu a\u011f\u0131m\u0131zla her t\u00fcrl\u00fc ta\u015f\u0131mac\u0131l\u0131k hizmeti veriyoruz.\",\"breadcrumb\":{\"@id\":\"https:\/\/www.eternitylogistic.com\/demiryolu-tasimaciligi\/#breadcrumb\"},\"inLanguage\":\"en-US\",\"potentialAction\":[{\"@type\":\"ReadAction\",\"target\":[\"https:\/\/www.eternitylogistic.com\/demiryolu-tasimaciligi\/\"]}]},{\"@type\":\"ImageObject\",\"inLanguage\":\"en-US\",\"@id\":\"https:\/\/www.eternitylogistic.com\/demiryolu-tasimaciligi\/#primaryimage\",\"url\":\"https:\/\/www.eternitylogistic.com\/wp-content\/uploads\/2024\/10\/Demiryolueternitywebsite-1024x768.webp\",\"contentUrl\":\"https:\/\/www.eternitylogistic.com\/wp-content\/uploads\/2024\/10\/Demiryolueternitywebsite-1024x768.webp\"},{\"@type\":\"BreadcrumbList\",\"@id\":\"https:\/\/www.eternitylogistic.com\/demiryolu-tasimaciligi\/#breadcrumb\",\"itemListElement\":[{\"@type\":\"ListItem\",\"position\":1,\"name\":\"Home\",\"item\":\"https:\/\/www.eternitylogistic.com\/\"},{\"@type\":\"ListItem\",\"position\":2,\"name\":\"Demiryolu Ta\u015f\u0131mac\u0131l\u0131\u011f\u0131\"}]},{\"@type\":\"WebSite\",\"@id\":\"https:\/\/www.eternitylogistic.com\/#website\",\"url\":\"https:\/\/www.eternitylogistic.com\/\",\"name\":\"Eternity Logistic\",\"description\":\"Uluslararas\u0131 Ta\u015f\u0131mac\u0131l\u0131k Hizmetleri\",\"publisher\":{\"@id\":\"https:\/\/www.eternitylogistic.com\/#organization\"},\"potentialAction\":[{\"@type\":\"SearchAction\",\"target\":{\"@type\":\"EntryPoint\",\"urlTemplate\":\"https:\/\/www.eternitylogistic.com\/?s={search_term_string}\"},\"query-input\":{\"@type\":\"PropertyValueSpecification\",\"valueRequired\":true,\"valueName\":\"search_term_string\"}}],\"inLanguage\":\"en-US\"},{\"@type\":\"Organization\",\"@id\":\"https:\/\/www.eternitylogistic.com\/#organization\",\"name\":\"Eternity Logistic\",\"url\":\"https:\/\/www.eternitylogistic.com\/\",\"logo\":{\"@type\":\"ImageObject\",\"inLanguage\":\"en-US\",\"@id\":\"https:\/\/www.eternitylogistic.com\/#\/schema\/logo\/image\/\",\"url\":\"https:\/\/www.eternitylogistic.com\/wp-content\/uploads\/2023\/04\/eternity-logo-1.png\",\"contentUrl\":\"https:\/\/www.eternitylogistic.com\/wp-content\/uploads\/2023\/04\/eternity-logo-1.png\",\"width\":612,\"height\":174,\"caption\":\"Eternity Logistic\"},\"image\":{\"@id\":\"https:\/\/www.eternitylogistic.com\/#\/schema\/logo\/image\/\"},\"sameAs\":[\"https:\/\/www.facebook.com\/eternitylogistic\",\"https:\/\/www.instagram.com\/eternitylogistic\/\",\"https:\/\/www.linkedin.com\/company\/eternitylogistic\/\"]}]}<\/script>\n<!-- \/ Yoast SEO plugin. -->","yoast_head_json":{"title":"Demiryolu Ta\u015f\u0131mac\u0131l\u0131\u011f\u0131 - Eternity Logistic","description":"Eternity Logistic ile g\u00fcvenli ve ekonomik demiryolu ta\u015f\u0131mac\u0131l\u0131\u011f\u0131 \u00e7\u00f6z\u00fcmleri! Y\u00fcklerinizi h\u0131zl\u0131, ve zaman\u0131nda ta\u015f\u0131rken, geni\u015f demiryolu a\u011f\u0131m\u0131zla her t\u00fcrl\u00fc ta\u015f\u0131mac\u0131l\u0131k hizmeti veriyoruz.","robots":{"index":"index","follow":"follow","max-snippet":"max-snippet:-1","max-image-preview":"max-image-preview:large","max-video-preview":"max-video-preview:-1"},"canonical":"https:\/\/www.eternitylogistic.com\/en\/demiryolu-tasimaciligi\/","og_locale":"en_US","og_type":"article","og_title":"Demiryolu Ta\u015f\u0131mac\u0131l\u0131\u011f\u0131 - Eternity Logistic","og_description":"Eternity Logistic ile g\u00fcvenli ve ekonomik demiryolu ta\u015f\u0131mac\u0131l\u0131\u011f\u0131 \u00e7\u00f6z\u00fcmleri! Y\u00fcklerinizi h\u0131zl\u0131, ve zaman\u0131nda ta\u015f\u0131rken, geni\u015f demiryolu a\u011f\u0131m\u0131zla her t\u00fcrl\u00fc ta\u015f\u0131mac\u0131l\u0131k hizmeti veriyoruz.","og_url":"https:\/\/www.eternitylogistic.com\/en\/demiryolu-tasimaciligi\/","og_site_name":"Eternity Logistic","article_publisher":"https:\/\/www.facebook.com\/eternitylogistic","article_modified_time":"2025-05-21T15:14:18+00:00","og_image":[{"width":2000,"height":1500,"url":"https:\/\/www.eternitylogistic.com\/wp-content\/uploads\/2024\/10\/Demiryolueternitywebsite-jpg.webp","type":"image\/jpeg"}],"twitter_card":"summary_large_image","twitter_misc":{"Est. reading time":"1 minute"},"schema":{"@context":"https:\/\/schema.org","@graph":[{"@type":"WebPage","@id":"https:\/\/www.eternitylogistic.com\/demiryolu-tasimaciligi\/","url":"https:\/\/www.eternitylogistic.com\/demiryolu-tasimaciligi\/","name":"Demiryolu Ta\u015f\u0131mac\u0131l\u0131\u011f\u0131 - Eternity Logistic","isPartOf":{"@id":"https:\/\/www.eternitylogistic.com\/#website"},"primaryImageOfPage":{"@id":"https:\/\/www.eternitylogistic.com\/demiryolu-tasimaciligi\/#primaryimage"},"image":{"@id":"https:\/\/www.eternitylogistic.com\/demiryolu-tasimaciligi\/#primaryimage"},"thumbnailUrl":"https:\/\/www.eternitylogistic.com\/wp-content\/uploads\/2024\/10\/Demiryolueternitywebsite-1024x768.webp","datePublished":"2024-10-11T11:07:17+00:00","dateModified":"2025-05-21T15:14:18+00:00","description":"Eternity Logistic ile g\u00fcvenli ve ekonomik demiryolu ta\u015f\u0131mac\u0131l\u0131\u011f\u0131 \u00e7\u00f6z\u00fcmleri! Y\u00fcklerinizi h\u0131zl\u0131, ve zaman\u0131nda ta\u015f\u0131rken, geni\u015f demiryolu a\u011f\u0131m\u0131zla her t\u00fcrl\u00fc ta\u015f\u0131mac\u0131l\u0131k hizmeti veriyoruz.","breadcrumb":{"@id":"https:\/\/www.eternitylogistic.com\/demiryolu-tasimaciligi\/#breadcrumb"},"inLanguage":"en-US","potentialAction":[{"@type":"ReadAction","target":["https:\/\/www.eternitylogistic.com\/demiryolu-tasimaciligi\/"]}]},{"@type":"ImageObject","inLanguage":"en-US","@id":"https:\/\/www.eternitylogistic.com\/demiryolu-tasimaciligi\/#primaryimage","url":"https:\/\/www.eternitylogistic.com\/wp-content\/uploads\/2024\/10\/Demiryolueternitywebsite-1024x768.webp","contentUrl":"https:\/\/www.eternitylogistic.com\/wp-content\/uploads\/2024\/10\/Demiryolueternitywebsite-1024x768.webp"},{"@type":"BreadcrumbList","@id":"https:\/\/www.eternitylogistic.com\/demiryolu-tasimaciligi\/#breadcrumb","itemListElement":[{"@type":"ListItem","position":1,"name":"Home","item":"https:\/\/www.eternitylogistic.com\/"},{"@type":"ListItem","position":2,"name":"Demiryolu Ta\u015f\u0131mac\u0131l\u0131\u011f\u0131"}]},{"@type":"WebSite","@id":"https:\/\/www.eternitylogistic.com\/#website","url":"https:\/\/www.eternitylogistic.com\/","name":"Eternity Logistic","description":"Uluslararas\u0131 Ta\u015f\u0131mac\u0131l\u0131k Hizmetleri","publisher":{"@id":"https:\/\/www.eternitylogistic.com\/#organization"},"potentialAction":[{"@type":"SearchAction","target":{"@type":"EntryPoint","urlTemplate":"https:\/\/www.eternitylogistic.com\/?s={search_term_string}"},"query-input":{"@type":"PropertyValueSpecification","valueRequired":true,"valueName":"search_term_string"}}],"inLanguage":"en-US"},{"@type":"Organization","@id":"https:\/\/www.eternitylogistic.com\/#organization","name":"Eternity Logistic","url":"https:\/\/www.eternitylogistic.com\/","logo":{"@type":"ImageObject","inLanguage":"en-US","@id":"https:\/\/www.eternitylogistic.com\/#\/schema\/logo\/image\/","url":"https:\/\/www.eternitylogistic.com\/wp-content\/uploads\/2023\/04\/eternity-logo-1.png","contentUrl":"https:\/\/www.eternitylogistic.com\/wp-content\/uploads\/2023\/04\/eternity-logo-1.png","width":612,"height":174,"caption":"Eternity Logistic"},"image":{"@id":"https:\/\/www.eternitylogistic.com\/#\/schema\/logo\/image\/"},"sameAs":["https:\/\/www.facebook.com\/eternitylogistic","https:\/\/www.instagram.com\/eternitylogistic\/","https:\/\/www.linkedin.com\/company\/eternitylogistic\/"]}]}},"_links":{"self":[{"href":"https:\/\/www.eternitylogistic.com\/en\/wp-json\/wp\/v2\/pages\/8344","targetHints":{"allow":["GET"]}}],"collection":[{"href":"https:\/\/www.eternitylogistic.com\/en\/wp-json\/wp\/v2\/pages"}],"about":[{"href":"https:\/\/www.eternitylogistic.com\/en\/wp-json\/wp\/v2\/types\/page"}],"author":[{"embeddable":true,"href":"https:\/\/www.eternitylogistic.com\/en\/wp-json\/wp\/v2\/users\/1"}],"replies":[{"embeddable":true,"href":"https:\/\/www.eternitylogistic.com\/en\/wp-json\/wp\/v2\/comments?post=8344"}],"version-history":[{"count":4,"href":"https:\/\/www.eternitylogistic.com\/en\/wp-json\/wp\/v2\/pages\/8344\/revisions"}],"predecessor-version":[{"id":8857,"href":"https:\/\/www.eternitylogistic.com\/en\/wp-json\/wp\/v2\/pages\/8344\/revisions\/8857"}],"wp:attachment":[{"href":"https:\/\/www.eternitylogistic.com\/en\/wp-json\/wp\/v2\/media?parent=8344"}],"curies":[{"name":"wp","href":"https:\/\/api.w.org\/{rel}","templated":true}]}}