{"id":8342,"date":"2024-10-11T14:05:40","date_gmt":"2024-10-11T11:05:40","guid":{"rendered":"https:\/\/www.eternitylogistic.com\/?page_id=8342"},"modified":"2025-03-20T12:59:49","modified_gmt":"2025-03-20T09:59:49","slug":"havayolu-tasimaciligi","status":"publish","type":"page","link":"https:\/\/www.eternitylogistic.com\/en\/havayolu-tasimaciligi\/","title":{"rendered":"Havayolu Ta\u015f\u0131mac\u0131l\u0131\u011f\u0131"},"content":{"rendered":"<h2 class=\"wp-block-heading\"><strong>Eternity Logistic: Havayolu Ta\u015f\u0131mac\u0131l\u0131\u011f\u0131 Hizmetleri <\/strong><\/h2>\n\n\n\n<div class=\"wp-block-columns is-layout-flex wp-container-core-columns-is-layout-9d6595d7 wp-block-columns-is-layout-flex\">\n<div class=\"wp-block-column is-layout-flow wp-block-column-is-layout-flow\">\n<figure class=\"wp-block-image size-large\"><img data-dominant-color=\"bab0a6\" data-has-transparency=\"false\" style=\"--dominant-color: #bab0a6;\" fetchpriority=\"high\" decoding=\"async\" width=\"1024\" height=\"768\" sizes=\"(max-width: 1024px) 100vw, 1024px\" src=\"https:\/\/www.eternitylogistic.com\/wp-content\/uploads\/2024\/10\/Havayolueternitywebsite-1024x768.webp\" alt=\"Havayolueternitywebsite\" class=\"wp-image-8363 not-transparent\" srcset=\"https:\/\/www.eternitylogistic.com\/wp-content\/uploads\/2024\/10\/Havayolueternitywebsite-1024x768.webp 1024w, https:\/\/www.eternitylogistic.com\/wp-content\/uploads\/2024\/10\/Havayolueternitywebsite-300x225.webp 300w, https:\/\/www.eternitylogistic.com\/wp-content\/uploads\/2024\/10\/Havayolueternitywebsite-768x576.webp 768w, https:\/\/www.eternitylogistic.com\/wp-content\/uploads\/2024\/10\/Havayolueternitywebsite-1536x1152.webp 1536w, https:\/\/www.eternitylogistic.com\/wp-content\/uploads\/2024\/10\/Havayolueternitywebsite-jpg.webp 2000w\" \/><\/figure>\n<\/div>\n\n\n\n<div class=\"wp-block-column is-layout-flow wp-block-column-is-layout-flow\">\n<p>Eternity Logistic, havayolu ta\u015f\u0131mac\u0131l\u0131\u011f\u0131 hizmetleri konusunda da m\u00fc\u015fterilerine geni\u015f kapsaml\u0131 \u00e7\u00f6z\u00fcmler sunan bir firma olarak \u00f6ne \u00e7\u0131kmaktad\u0131r. \u00d6zellikle k\u00fc\u00e7\u00fck ebatl\u0131 y\u00fcklerin h\u0131zl\u0131 ve g\u00fcvenli ta\u015f\u0131mac\u0131l\u0131\u011f\u0131 i\u00e7in havayolu ta\u015f\u0131mac\u0131l\u0131\u011f\u0131 hizmetimiz olduk\u00e7a pop\u00fclerdir. M\u00fc\u015fterilerimiz, y\u00fcklerinin h\u0131zl\u0131 bir \u015fekilde teslim edilmesini istedikleri durumlarda havayolu ta\u015f\u0131mac\u0131l\u0131\u011f\u0131 hizmetimizden yararlanabilirler. Havayolu ta\u015f\u0131mac\u0131l\u0131\u011f\u0131 hizmetimiz, k\u00fc\u00e7\u00fck hacimli y\u00fcklerin h\u0131zl\u0131 bir \u015fekilde hedef noktaya ula\u015ft\u0131r\u0131lmas\u0131n\u0131 sa\u011flar. Bu hizmet sayesinde m\u00fc\u015fterilerimiz, h\u0131zl\u0131 teslimat ihtiyac\u0131 olan y\u00fcklerini g\u00fcvenli bir \u015fekilde ta\u015f\u0131tabilirler. Eternity Logistic olarak, havayolu ta\u015f\u0131mac\u0131l\u0131\u011f\u0131 s\u00fcrecinde y\u00fcklerin g\u00fcvenli\u011fi ve hasars\u0131z teslimat\u0131 bizim i\u00e7in en \u00f6nemli \u00f6nceliklerimizdendir. M\u00fc\u015fterilerimiz, havayolu ta\u015f\u0131mac\u0131l\u0131\u011f\u0131 hizmetimiz sayesinde, y\u00fcklerinin t\u00fcm s\u00fcre\u00e7 boyunca nerede oldu\u011funu takip edebilirler ve her zaman bilgilendirilirler. Ayr\u0131ca, m\u00fc\u015fteri memnuniyeti en y\u00fcksek \u00f6nceliklerimizden biridir ve i\u015fimizi en iyi \u015fekilde yapmak i\u00e7in \u00e7al\u0131\u015f\u0131r\u0131z. Eternity Logistic olarak, havayolu ta\u015f\u0131mac\u0131l\u0131\u011f\u0131 hizmetimizle m\u00fc\u015fterilerimize en iyi \u00e7\u00f6z\u00fcmleri sunmaya devam ediyoruz.<\/p>\n<\/div>\n<\/div>\n\n\n\n<p><\/p>","protected":false},"excerpt":{"rendered":"<p>Eternity Logistic: Havayolu Ta\u015f\u0131mac\u0131l\u0131\u011f\u0131 Hizmetleri Eternity Logistic, havayolu ta\u015f\u0131mac\u0131l\u0131\u011f\u0131 hizmetleri konusunda da m\u00fc\u015fterilerine geni\u015f kapsaml\u0131 \u00e7\u00f6z\u00fcmler sunan bir firma olarak \u00f6ne \u00e7\u0131kmaktad\u0131r. \u00d6zellikle k\u00fc\u00e7\u00fck ebatl\u0131 y\u00fcklerin h\u0131zl\u0131 ve g\u00fcvenli ta\u015f\u0131mac\u0131l\u0131\u011f\u0131 i\u00e7in havayolu ta\u015f\u0131mac\u0131l\u0131\u011f\u0131 hizmetimiz olduk\u00e7a pop\u00fclerdir. M\u00fc\u015fterilerimiz, y\u00fcklerinin h\u0131zl\u0131 bir \u015fekilde teslim edilmesini istedikleri durumlarda havayolu ta\u015f\u0131mac\u0131l\u0131\u011f\u0131 hizmetimizden yararlanabilirler. Havayolu ta\u015f\u0131mac\u0131l\u0131\u011f\u0131 hizmetimiz, k\u00fc\u00e7\u00fck hacimli y\u00fcklerin [&hellip;]<\/p>\n","protected":false},"author":1,"featured_media":0,"parent":0,"menu_order":0,"comment_status":"closed","ping_status":"closed","template":"","meta":{"footnotes":""},"class_list":["post-8342","page","type-page","status-publish","hentry"],"yoast_head":"<!-- This site is optimized with the Yoast SEO plugin v27.1.1 - https:\/\/yoast.com\/product\/yoast-seo-wordpress\/ -->\n<title>Havayolu Ta\u015f\u0131mac\u0131l\u0131\u011f\u0131 - Eternity Logistic<\/title>\n<meta name=\"description\" content=\"Eternity Logistic ile h\u0131zl\u0131 ve g\u00fcvenilir havayolu ta\u015f\u0131mac\u0131l\u0131\u011f\u0131! Kargonuzu d\u00fcnyan\u0131n her noktas\u0131na en k\u0131sa s\u00fcrede ula\u015ft\u0131r\u0131yoruz. Esnek \u00e7\u00f6z\u00fcmler ve uzman ekibimizle yan\u0131n\u0131zday\u0131z.\" \/>\n<meta name=\"robots\" content=\"index, follow, max-snippet:-1, max-image-preview:large, max-video-preview:-1\" \/>\n<link rel=\"canonical\" href=\"https:\/\/www.eternitylogistic.com\/en\/havayolu-tasimaciligi\/\" \/>\n<meta property=\"og:locale\" content=\"en_US\" \/>\n<meta property=\"og:type\" content=\"article\" \/>\n<meta property=\"og:title\" content=\"Havayolu Ta\u015f\u0131mac\u0131l\u0131\u011f\u0131 - Eternity Logistic\" \/>\n<meta property=\"og:description\" content=\"Eternity Logistic ile h\u0131zl\u0131 ve g\u00fcvenilir havayolu ta\u015f\u0131mac\u0131l\u0131\u011f\u0131! Kargonuzu d\u00fcnyan\u0131n her noktas\u0131na en k\u0131sa s\u00fcrede ula\u015ft\u0131r\u0131yoruz. Esnek \u00e7\u00f6z\u00fcmler ve uzman ekibimizle yan\u0131n\u0131zday\u0131z.\" \/>\n<meta property=\"og:url\" content=\"https:\/\/www.eternitylogistic.com\/en\/havayolu-tasimaciligi\/\" \/>\n<meta property=\"og:site_name\" content=\"Eternity Logistic\" \/>\n<meta property=\"article:publisher\" content=\"https:\/\/www.facebook.com\/eternitylogistic\" \/>\n<meta property=\"article:modified_time\" content=\"2025-03-20T09:59:49+00:00\" \/>\n<meta property=\"og:image\" content=\"https:\/\/www.eternitylogistic.com\/wp-content\/uploads\/2024\/10\/Havayolueternitywebsite-jpg.webp\" \/>\n\t<meta property=\"og:image:width\" content=\"2000\" \/>\n\t<meta property=\"og:image:height\" content=\"1500\" \/>\n\t<meta property=\"og:image:type\" content=\"image\/jpeg\" \/>\n<meta name=\"twitter:card\" content=\"summary_large_image\" \/>\n<meta name=\"twitter:label1\" content=\"Est. reading time\" \/>\n\t<meta name=\"twitter:data1\" content=\"1 minute\" \/>\n<script type=\"application\/ld+json\" class=\"yoast-schema-graph\">{\"@context\":\"https:\/\/schema.org\",\"@graph\":[{\"@type\":\"WebPage\",\"@id\":\"https:\/\/www.eternitylogistic.com\/havayolu-tasimaciligi\/\",\"url\":\"https:\/\/www.eternitylogistic.com\/havayolu-tasimaciligi\/\",\"name\":\"Havayolu Ta\u015f\u0131mac\u0131l\u0131\u011f\u0131 - Eternity Logistic\",\"isPartOf\":{\"@id\":\"https:\/\/www.eternitylogistic.com\/#website\"},\"primaryImageOfPage\":{\"@id\":\"https:\/\/www.eternitylogistic.com\/havayolu-tasimaciligi\/#primaryimage\"},\"image\":{\"@id\":\"https:\/\/www.eternitylogistic.com\/havayolu-tasimaciligi\/#primaryimage\"},\"thumbnailUrl\":\"https:\/\/www.eternitylogistic.com\/wp-content\/uploads\/2024\/10\/Havayolueternitywebsite-1024x768.webp\",\"datePublished\":\"2024-10-11T11:05:40+00:00\",\"dateModified\":\"2025-03-20T09:59:49+00:00\",\"description\":\"Eternity Logistic ile h\u0131zl\u0131 ve g\u00fcvenilir havayolu ta\u015f\u0131mac\u0131l\u0131\u011f\u0131! Kargonuzu d\u00fcnyan\u0131n her noktas\u0131na en k\u0131sa s\u00fcrede ula\u015ft\u0131r\u0131yoruz. Esnek \u00e7\u00f6z\u00fcmler ve uzman ekibimizle yan\u0131n\u0131zday\u0131z.\",\"breadcrumb\":{\"@id\":\"https:\/\/www.eternitylogistic.com\/havayolu-tasimaciligi\/#breadcrumb\"},\"inLanguage\":\"en-US\",\"potentialAction\":[{\"@type\":\"ReadAction\",\"target\":[\"https:\/\/www.eternitylogistic.com\/havayolu-tasimaciligi\/\"]}]},{\"@type\":\"ImageObject\",\"inLanguage\":\"en-US\",\"@id\":\"https:\/\/www.eternitylogistic.com\/havayolu-tasimaciligi\/#primaryimage\",\"url\":\"https:\/\/www.eternitylogistic.com\/wp-content\/uploads\/2024\/10\/Havayolueternitywebsite-1024x768.webp\",\"contentUrl\":\"https:\/\/www.eternitylogistic.com\/wp-content\/uploads\/2024\/10\/Havayolueternitywebsite-1024x768.webp\"},{\"@type\":\"BreadcrumbList\",\"@id\":\"https:\/\/www.eternitylogistic.com\/havayolu-tasimaciligi\/#breadcrumb\",\"itemListElement\":[{\"@type\":\"ListItem\",\"position\":1,\"name\":\"Home\",\"item\":\"https:\/\/www.eternitylogistic.com\/\"},{\"@type\":\"ListItem\",\"position\":2,\"name\":\"Havayolu Ta\u015f\u0131mac\u0131l\u0131\u011f\u0131\"}]},{\"@type\":\"WebSite\",\"@id\":\"https:\/\/www.eternitylogistic.com\/#website\",\"url\":\"https:\/\/www.eternitylogistic.com\/\",\"name\":\"Eternity Logistic\",\"description\":\"Uluslararas\u0131 Ta\u015f\u0131mac\u0131l\u0131k Hizmetleri\",\"publisher\":{\"@id\":\"https:\/\/www.eternitylogistic.com\/#organization\"},\"potentialAction\":[{\"@type\":\"SearchAction\",\"target\":{\"@type\":\"EntryPoint\",\"urlTemplate\":\"https:\/\/www.eternitylogistic.com\/?s={search_term_string}\"},\"query-input\":{\"@type\":\"PropertyValueSpecification\",\"valueRequired\":true,\"valueName\":\"search_term_string\"}}],\"inLanguage\":\"en-US\"},{\"@type\":\"Organization\",\"@id\":\"https:\/\/www.eternitylogistic.com\/#organization\",\"name\":\"Eternity Logistic\",\"url\":\"https:\/\/www.eternitylogistic.com\/\",\"logo\":{\"@type\":\"ImageObject\",\"inLanguage\":\"en-US\",\"@id\":\"https:\/\/www.eternitylogistic.com\/#\/schema\/logo\/image\/\",\"url\":\"https:\/\/www.eternitylogistic.com\/wp-content\/uploads\/2023\/04\/eternity-logo-1.png\",\"contentUrl\":\"https:\/\/www.eternitylogistic.com\/wp-content\/uploads\/2023\/04\/eternity-logo-1.png\",\"width\":612,\"height\":174,\"caption\":\"Eternity Logistic\"},\"image\":{\"@id\":\"https:\/\/www.eternitylogistic.com\/#\/schema\/logo\/image\/\"},\"sameAs\":[\"https:\/\/www.facebook.com\/eternitylogistic\",\"https:\/\/www.instagram.com\/eternitylogistic\/\",\"https:\/\/www.linkedin.com\/company\/eternitylogistic\/\"]}]}<\/script>\n<!-- \/ Yoast SEO plugin. -->","yoast_head_json":{"title":"Havayolu Ta\u015f\u0131mac\u0131l\u0131\u011f\u0131 - Eternity Logistic","description":"Eternity Logistic ile h\u0131zl\u0131 ve g\u00fcvenilir havayolu ta\u015f\u0131mac\u0131l\u0131\u011f\u0131! Kargonuzu d\u00fcnyan\u0131n her noktas\u0131na en k\u0131sa s\u00fcrede ula\u015ft\u0131r\u0131yoruz. Esnek \u00e7\u00f6z\u00fcmler ve uzman ekibimizle yan\u0131n\u0131zday\u0131z.","robots":{"index":"index","follow":"follow","max-snippet":"max-snippet:-1","max-image-preview":"max-image-preview:large","max-video-preview":"max-video-preview:-1"},"canonical":"https:\/\/www.eternitylogistic.com\/en\/havayolu-tasimaciligi\/","og_locale":"en_US","og_type":"article","og_title":"Havayolu Ta\u015f\u0131mac\u0131l\u0131\u011f\u0131 - Eternity Logistic","og_description":"Eternity Logistic ile h\u0131zl\u0131 ve g\u00fcvenilir havayolu ta\u015f\u0131mac\u0131l\u0131\u011f\u0131! Kargonuzu d\u00fcnyan\u0131n her noktas\u0131na en k\u0131sa s\u00fcrede ula\u015ft\u0131r\u0131yoruz. Esnek \u00e7\u00f6z\u00fcmler ve uzman ekibimizle yan\u0131n\u0131zday\u0131z.","og_url":"https:\/\/www.eternitylogistic.com\/en\/havayolu-tasimaciligi\/","og_site_name":"Eternity Logistic","article_publisher":"https:\/\/www.facebook.com\/eternitylogistic","article_modified_time":"2025-03-20T09:59:49+00:00","og_image":[{"width":2000,"height":1500,"url":"https:\/\/www.eternitylogistic.com\/wp-content\/uploads\/2024\/10\/Havayolueternitywebsite-jpg.webp","type":"image\/jpeg"}],"twitter_card":"summary_large_image","twitter_misc":{"Est. reading time":"1 minute"},"schema":{"@context":"https:\/\/schema.org","@graph":[{"@type":"WebPage","@id":"https:\/\/www.eternitylogistic.com\/havayolu-tasimaciligi\/","url":"https:\/\/www.eternitylogistic.com\/havayolu-tasimaciligi\/","name":"Havayolu Ta\u015f\u0131mac\u0131l\u0131\u011f\u0131 - Eternity Logistic","isPartOf":{"@id":"https:\/\/www.eternitylogistic.com\/#website"},"primaryImageOfPage":{"@id":"https:\/\/www.eternitylogistic.com\/havayolu-tasimaciligi\/#primaryimage"},"image":{"@id":"https:\/\/www.eternitylogistic.com\/havayolu-tasimaciligi\/#primaryimage"},"thumbnailUrl":"https:\/\/www.eternitylogistic.com\/wp-content\/uploads\/2024\/10\/Havayolueternitywebsite-1024x768.webp","datePublished":"2024-10-11T11:05:40+00:00","dateModified":"2025-03-20T09:59:49+00:00","description":"Eternity Logistic ile h\u0131zl\u0131 ve g\u00fcvenilir havayolu ta\u015f\u0131mac\u0131l\u0131\u011f\u0131! Kargonuzu d\u00fcnyan\u0131n her noktas\u0131na en k\u0131sa s\u00fcrede ula\u015ft\u0131r\u0131yoruz. Esnek \u00e7\u00f6z\u00fcmler ve uzman ekibimizle yan\u0131n\u0131zday\u0131z.","breadcrumb":{"@id":"https:\/\/www.eternitylogistic.com\/havayolu-tasimaciligi\/#breadcrumb"},"inLanguage":"en-US","potentialAction":[{"@type":"ReadAction","target":["https:\/\/www.eternitylogistic.com\/havayolu-tasimaciligi\/"]}]},{"@type":"ImageObject","inLanguage":"en-US","@id":"https:\/\/www.eternitylogistic.com\/havayolu-tasimaciligi\/#primaryimage","url":"https:\/\/www.eternitylogistic.com\/wp-content\/uploads\/2024\/10\/Havayolueternitywebsite-1024x768.webp","contentUrl":"https:\/\/www.eternitylogistic.com\/wp-content\/uploads\/2024\/10\/Havayolueternitywebsite-1024x768.webp"},{"@type":"BreadcrumbList","@id":"https:\/\/www.eternitylogistic.com\/havayolu-tasimaciligi\/#breadcrumb","itemListElement":[{"@type":"ListItem","position":1,"name":"Home","item":"https:\/\/www.eternitylogistic.com\/"},{"@type":"ListItem","position":2,"name":"Havayolu Ta\u015f\u0131mac\u0131l\u0131\u011f\u0131"}]},{"@type":"WebSite","@id":"https:\/\/www.eternitylogistic.com\/#website","url":"https:\/\/www.eternitylogistic.com\/","name":"Eternity Logistic","description":"Uluslararas\u0131 Ta\u015f\u0131mac\u0131l\u0131k Hizmetleri","publisher":{"@id":"https:\/\/www.eternitylogistic.com\/#organization"},"potentialAction":[{"@type":"SearchAction","target":{"@type":"EntryPoint","urlTemplate":"https:\/\/www.eternitylogistic.com\/?s={search_term_string}"},"query-input":{"@type":"PropertyValueSpecification","valueRequired":true,"valueName":"search_term_string"}}],"inLanguage":"en-US"},{"@type":"Organization","@id":"https:\/\/www.eternitylogistic.com\/#organization","name":"Eternity Logistic","url":"https:\/\/www.eternitylogistic.com\/","logo":{"@type":"ImageObject","inLanguage":"en-US","@id":"https:\/\/www.eternitylogistic.com\/#\/schema\/logo\/image\/","url":"https:\/\/www.eternitylogistic.com\/wp-content\/uploads\/2023\/04\/eternity-logo-1.png","contentUrl":"https:\/\/www.eternitylogistic.com\/wp-content\/uploads\/2023\/04\/eternity-logo-1.png","width":612,"height":174,"caption":"Eternity Logistic"},"image":{"@id":"https:\/\/www.eternitylogistic.com\/#\/schema\/logo\/image\/"},"sameAs":["https:\/\/www.facebook.com\/eternitylogistic","https:\/\/www.instagram.com\/eternitylogistic\/","https:\/\/www.linkedin.com\/company\/eternitylogistic\/"]}]}},"_links":{"self":[{"href":"https:\/\/www.eternitylogistic.com\/en\/wp-json\/wp\/v2\/pages\/8342","targetHints":{"allow":["GET"]}}],"collection":[{"href":"https:\/\/www.eternitylogistic.com\/en\/wp-json\/wp\/v2\/pages"}],"about":[{"href":"https:\/\/www.eternitylogistic.com\/en\/wp-json\/wp\/v2\/types\/page"}],"author":[{"embeddable":true,"href":"https:\/\/www.eternitylogistic.com\/en\/wp-json\/wp\/v2\/users\/1"}],"replies":[{"embeddable":true,"href":"https:\/\/www.eternitylogistic.com\/en\/wp-json\/wp\/v2\/comments?post=8342"}],"version-history":[{"count":4,"href":"https:\/\/www.eternitylogistic.com\/en\/wp-json\/wp\/v2\/pages\/8342\/revisions"}],"predecessor-version":[{"id":8677,"href":"https:\/\/www.eternitylogistic.com\/en\/wp-json\/wp\/v2\/pages\/8342\/revisions\/8677"}],"wp:attachment":[{"href":"https:\/\/www.eternitylogistic.com\/en\/wp-json\/wp\/v2\/media?parent=8342"}],"curies":[{"name":"wp","href":"https:\/\/api.w.org\/{rel}","templated":true}]}}