{"id":8340,"date":"2024-10-11T14:04:22","date_gmt":"2024-10-11T11:04:22","guid":{"rendered":"https:\/\/www.eternitylogistic.com\/?page_id=8340"},"modified":"2025-03-20T12:49:35","modified_gmt":"2025-03-20T09:49:35","slug":"fcl-parsiyel-deniz-yolu-tasimaciligi","status":"publish","type":"page","link":"https:\/\/www.eternitylogistic.com\/en\/fcl-parsiyel-deniz-yolu-tasimaciligi\/","title":{"rendered":"FCL &amp; Parsiyel Deniz Yolu Ta\u015f\u0131mac\u0131l\u0131\u011f\u0131"},"content":{"rendered":"<div data-elementor-type=\"wp-page\" data-elementor-id=\"8340\" class=\"elementor elementor-8340\">\n\t\t\t\t\t\t<section class=\"elementor-section elementor-top-section elementor-element elementor-element-19080035 elementor-section-boxed elementor-section-height-default elementor-section-height-default qodef-elementor-content-no\" data-id=\"19080035\" data-element_type=\"section\" data-e-type=\"section\">\n\t\t\t\t\t\t<div class=\"elementor-container elementor-column-gap-default\">\n\t\t\t\t\t<div class=\"elementor-column elementor-col-100 elementor-top-column elementor-element elementor-element-40f17c73\" data-id=\"40f17c73\" data-element_type=\"column\" data-e-type=\"column\">\n\t\t\t<div class=\"elementor-widget-wrap elementor-element-populated\">\n\t\t\t\t\t\t<div class=\"elementor-element elementor-element-59934a0 elementor-widget elementor-widget-heading\" data-id=\"59934a0\" data-element_type=\"widget\" data-e-type=\"widget\" data-widget_type=\"heading.default\">\n\t\t\t\t<div class=\"elementor-widget-container\">\n\t\t\t\t\t<h2 class=\"elementor-heading-title elementor-size-default\">Eternity Logistic: FCL ve Parsiyel Deniz Yolu Ta\u015f\u0131mac\u0131l\u0131\u011f\u0131 Hizmetleri<\/h2>\t\t\t\t<\/div>\n\t\t\t\t<\/div>\n\t\t\t\t<section class=\"elementor-section elementor-inner-section elementor-element elementor-element-098926a elementor-section-boxed elementor-section-height-default elementor-section-height-default qodef-elementor-content-no\" data-id=\"098926a\" data-element_type=\"section\" data-e-type=\"section\">\n\t\t\t\t\t\t<div class=\"elementor-container elementor-column-gap-default\">\n\t\t\t\t\t<div class=\"elementor-column elementor-col-50 elementor-inner-column elementor-element elementor-element-5b96819\" data-id=\"5b96819\" data-element_type=\"column\" data-e-type=\"column\">\n\t\t\t<div class=\"elementor-widget-wrap elementor-element-populated\">\n\t\t\t\t\t\t<div class=\"elementor-element elementor-element-cc33c4a elementor-widget elementor-widget-image\" data-id=\"cc33c4a\" data-element_type=\"widget\" data-e-type=\"widget\" data-widget_type=\"image.default\">\n\t\t\t\t<div class=\"elementor-widget-container\">\n\t\t\t\t\t\t\t\t\t\t\t\t\t\t\t<img fetchpriority=\"high\" decoding=\"async\" width=\"1024\" height=\"768\" src=\"https:\/\/www.eternitylogistic.com\/wp-content\/uploads\/2024\/10\/Denizyolueternitywebsite-1024x768.webp\" class=\"attachment-large size-large wp-image-8360 not-transparent\" alt=\"Denizyolueternitywebsite\" srcset=\"https:\/\/www.eternitylogistic.com\/wp-content\/uploads\/2024\/10\/Denizyolueternitywebsite-1024x768.webp 1024w, https:\/\/www.eternitylogistic.com\/wp-content\/uploads\/2024\/10\/Denizyolueternitywebsite-300x225.webp 300w, https:\/\/www.eternitylogistic.com\/wp-content\/uploads\/2024\/10\/Denizyolueternitywebsite-768x576.webp 768w, https:\/\/www.eternitylogistic.com\/wp-content\/uploads\/2024\/10\/Denizyolueternitywebsite-1536x1152.webp 1536w, https:\/\/www.eternitylogistic.com\/wp-content\/uploads\/2024\/10\/Denizyolueternitywebsite-jpg.webp 2000w\" sizes=\"(max-width: 1024px) 100vw, 1024px\" data-has-transparency=\"false\" data-dominant-color=\"78a2ab\" style=\"--dominant-color: #78a2ab\" \/>\t\t\t\t\t\t\t\t\t\t\t\t\t\t\t<\/div>\n\t\t\t\t<\/div>\n\t\t\t\t\t<\/div>\n\t\t<\/div>\n\t\t\t\t<div class=\"elementor-column elementor-col-50 elementor-inner-column elementor-element elementor-element-7462132\" data-id=\"7462132\" data-element_type=\"column\" data-e-type=\"column\">\n\t\t\t<div class=\"elementor-widget-wrap elementor-element-populated\">\n\t\t\t\t\t\t<div class=\"elementor-element elementor-element-1092445 elementor-widget elementor-widget-text-editor\" data-id=\"1092445\" data-element_type=\"widget\" data-e-type=\"widget\" data-widget_type=\"text-editor.default\">\n\t\t\t\t<div class=\"elementor-widget-container\">\n\t\t\t\t\t\t\t\t\t\n<div class=\"wp-block-columns\">\n<div class=\"wp-block-column\">\n<figure class=\"wp-block-image size-large\">Eternity Logistic, deniz yolu ta\u015f\u0131mac\u0131l\u0131\u011f\u0131 alan\u0131nda m\u00fc\u015fterilerine FCL (tam konteyner y\u00fcklemesi) ve parsiyel konteyner y\u00fcklemeleri dahil olmak \u00fczere geni\u015f kapsaml\u0131 hizmetler sunan bir firma olarak \u00f6ne \u00e7\u0131kmaktad\u0131r. M\u00fc\u015fterilerimize, d\u00fcnya \u00e7ap\u0131nda denizyolu ta\u015f\u0131mac\u0131l\u0131\u011f\u0131 ihtiya\u00e7lar\u0131na uygun \u00f6zelle\u015ftirilmi\u015f \u00e7\u00f6z\u00fcmler sunuyoruz. FCL hizmetimiz, y\u00fcklerin konteyn\u0131ra yerle\u015ftirilerek tek bir m\u00fc\u015fteriye \u00f6zel bir konteynerde ta\u015f\u0131nmas\u0131n\u0131 sa\u011flar. Bu hizmet sayesinde m\u00fc\u015fterilerimiz, y\u00fcklerinin g\u00fcvenli ve hasars\u0131z bir \u015fekilde teslim edilmesinden emin olabilirler. Parsiyel konteyner y\u00fcklemesi hizmetimiz ise, m\u00fc\u015fterilerimizin k\u00fc\u00e7\u00fck hacimli y\u00fcklerini di\u011fer m\u00fc\u015fterilerin y\u00fckleri ile birlikte ayn\u0131 konteynerde ta\u015f\u0131mas\u0131n\u0131 sa\u011flar. Bu sayede m\u00fc\u015fterilerimiz, ta\u015f\u0131ma maliyetlerini d\u00fc\u015f\u00fcrebilirler. Eternity Logistic olarak, m\u00fc\u015fterilerimizin denizyolu ta\u015f\u0131mac\u0131l\u0131\u011f\u0131 ihtiya\u00e7lar\u0131na uygun fiyatlarla, g\u00fcvenli ve zaman\u0131nda hizmet sunuyoruz. Ta\u015f\u0131ma s\u00fcrecinde, y\u00fcklerin g\u00fcvenli\u011fi ve hasars\u0131z teslimat\u0131 bizim i\u00e7in en \u00f6nemli \u00f6nceliklerimizdendir. M\u00fc\u015fterilerimiz, y\u00fcklerinin t\u00fcm ta\u015f\u0131ma s\u00fcrecinde nerede oldu\u011funu takip edebilirler ve her zaman bilgilendirilirler. Eternity Logistic olarak, m\u00fc\u015fteri memnuniyeti en y\u00fcksek \u00f6nceli\u011fimizdir ve i\u015fimizi en iyi \u015fekilde yapmak i\u00e7in \u00e7al\u0131\u015f\u0131r\u0131z.<\/figure>\n<\/div>\n<\/div>\n<!-- \/wp:columns --><!-- wp:paragraph -->\n<p>\u00a0<\/p>\n<!-- \/wp:paragraph -->\t\t\t\t\t\t\t\t<\/div>\n\t\t\t\t<\/div>\n\t\t\t\t\t<\/div>\n\t\t<\/div>\n\t\t\t\t\t<\/div>\n\t\t<\/section>\n\t\t\t\t\t<\/div>\n\t\t<\/div>\n\t\t\t\t\t<\/div>\n\t\t<\/section>\n\t\t\t\t<\/div>","protected":false},"excerpt":{"rendered":"<p>Eternity Logistic: FCL ve Parsiyel Deniz Yolu Ta\u015f\u0131mac\u0131l\u0131\u011f\u0131 Hizmetleri Eternity Logistic, deniz yolu ta\u015f\u0131mac\u0131l\u0131\u011f\u0131 alan\u0131nda m\u00fc\u015fterilerine FCL (tam konteyner y\u00fcklemesi) ve parsiyel konteyner y\u00fcklemeleri dahil olmak \u00fczere geni\u015f kapsaml\u0131 hizmetler sunan bir firma olarak \u00f6ne \u00e7\u0131kmaktad\u0131r. M\u00fc\u015fterilerimize, d\u00fcnya \u00e7ap\u0131nda denizyolu ta\u015f\u0131mac\u0131l\u0131\u011f\u0131 ihtiya\u00e7lar\u0131na uygun \u00f6zelle\u015ftirilmi\u015f \u00e7\u00f6z\u00fcmler sunuyoruz. FCL hizmetimiz, y\u00fcklerin konteyn\u0131ra yerle\u015ftirilerek tek bir m\u00fc\u015fteriye \u00f6zel [&hellip;]<\/p>\n","protected":false},"author":1,"featured_media":0,"parent":0,"menu_order":0,"comment_status":"closed","ping_status":"closed","template":"","meta":{"footnotes":""},"class_list":["post-8340","page","type-page","status-publish","hentry"],"yoast_head":"<!-- This site is optimized with the Yoast SEO plugin v27.1.1 - https:\/\/yoast.com\/product\/yoast-seo-wordpress\/ -->\n<title>FCL &amp; Parsiyel Deniz Yolu Ta\u015f\u0131mac\u0131l\u0131\u011f\u0131 - Eternity Logistic<\/title>\n<meta name=\"description\" content=\"Eternity Logistic olarak FCL ve parsiyel y\u00fckleriniz i\u00e7in en iyi \u00e7\u00f6z\u00fcmleri sunuyoruz. G\u00fcvenli, h\u0131zl\u0131 ve ekonomik ta\u015f\u0131mac\u0131l\u0131k i\u00e7in bize ula\u015f\u0131n.\" \/>\n<meta name=\"robots\" content=\"index, follow, max-snippet:-1, max-image-preview:large, max-video-preview:-1\" \/>\n<link rel=\"canonical\" href=\"https:\/\/www.eternitylogistic.com\/en\/fcl-parsiyel-deniz-yolu-tasimaciligi\/\" \/>\n<meta property=\"og:locale\" content=\"en_US\" \/>\n<meta property=\"og:type\" content=\"article\" \/>\n<meta property=\"og:title\" content=\"FCL &amp; Parsiyel Deniz Yolu Ta\u015f\u0131mac\u0131l\u0131\u011f\u0131 - Eternity Logistic\" \/>\n<meta property=\"og:description\" content=\"Eternity Logistic olarak FCL ve parsiyel y\u00fckleriniz i\u00e7in en iyi \u00e7\u00f6z\u00fcmleri sunuyoruz. G\u00fcvenli, h\u0131zl\u0131 ve ekonomik ta\u015f\u0131mac\u0131l\u0131k i\u00e7in bize ula\u015f\u0131n.\" \/>\n<meta property=\"og:url\" content=\"https:\/\/www.eternitylogistic.com\/en\/fcl-parsiyel-deniz-yolu-tasimaciligi\/\" \/>\n<meta property=\"og:site_name\" content=\"Eternity Logistic\" \/>\n<meta property=\"article:publisher\" content=\"https:\/\/www.facebook.com\/eternitylogistic\" \/>\n<meta property=\"article:modified_time\" content=\"2025-03-20T09:49:35+00:00\" \/>\n<meta property=\"og:image\" content=\"https:\/\/www.eternitylogistic.com\/wp-content\/uploads\/2024\/10\/Denizyolueternitywebsite-jpg.webp\" \/>\n\t<meta property=\"og:image:width\" content=\"2000\" \/>\n\t<meta property=\"og:image:height\" content=\"1500\" \/>\n\t<meta property=\"og:image:type\" content=\"image\/jpeg\" \/>\n<meta name=\"twitter:card\" content=\"summary_large_image\" \/>\n<meta name=\"twitter:label1\" content=\"Est. reading time\" \/>\n\t<meta name=\"twitter:data1\" content=\"1 minute\" \/>\n<script type=\"application\/ld+json\" class=\"yoast-schema-graph\">{\"@context\":\"https:\/\/schema.org\",\"@graph\":[{\"@type\":\"WebPage\",\"@id\":\"https:\/\/www.eternitylogistic.com\/fcl-parsiyel-deniz-yolu-tasimaciligi\/\",\"url\":\"https:\/\/www.eternitylogistic.com\/fcl-parsiyel-deniz-yolu-tasimaciligi\/\",\"name\":\"FCL &amp; Parsiyel Deniz Yolu Ta\u015f\u0131mac\u0131l\u0131\u011f\u0131 - Eternity Logistic\",\"isPartOf\":{\"@id\":\"https:\/\/www.eternitylogistic.com\/#website\"},\"primaryImageOfPage\":{\"@id\":\"https:\/\/www.eternitylogistic.com\/fcl-parsiyel-deniz-yolu-tasimaciligi\/#primaryimage\"},\"image\":{\"@id\":\"https:\/\/www.eternitylogistic.com\/fcl-parsiyel-deniz-yolu-tasimaciligi\/#primaryimage\"},\"thumbnailUrl\":\"https:\/\/www.eternitylogistic.com\/wp-content\/uploads\/2024\/10\/Denizyolueternitywebsite-1024x768.webp\",\"datePublished\":\"2024-10-11T11:04:22+00:00\",\"dateModified\":\"2025-03-20T09:49:35+00:00\",\"description\":\"Eternity Logistic olarak FCL ve parsiyel y\u00fckleriniz i\u00e7in en iyi \u00e7\u00f6z\u00fcmleri sunuyoruz. G\u00fcvenli, h\u0131zl\u0131 ve ekonomik ta\u015f\u0131mac\u0131l\u0131k i\u00e7in bize ula\u015f\u0131n.\",\"breadcrumb\":{\"@id\":\"https:\/\/www.eternitylogistic.com\/fcl-parsiyel-deniz-yolu-tasimaciligi\/#breadcrumb\"},\"inLanguage\":\"en-US\",\"potentialAction\":[{\"@type\":\"ReadAction\",\"target\":[\"https:\/\/www.eternitylogistic.com\/fcl-parsiyel-deniz-yolu-tasimaciligi\/\"]}]},{\"@type\":\"ImageObject\",\"inLanguage\":\"en-US\",\"@id\":\"https:\/\/www.eternitylogistic.com\/fcl-parsiyel-deniz-yolu-tasimaciligi\/#primaryimage\",\"url\":\"https:\/\/www.eternitylogistic.com\/wp-content\/uploads\/2024\/10\/Denizyolueternitywebsite-1024x768.webp\",\"contentUrl\":\"https:\/\/www.eternitylogistic.com\/wp-content\/uploads\/2024\/10\/Denizyolueternitywebsite-1024x768.webp\"},{\"@type\":\"BreadcrumbList\",\"@id\":\"https:\/\/www.eternitylogistic.com\/fcl-parsiyel-deniz-yolu-tasimaciligi\/#breadcrumb\",\"itemListElement\":[{\"@type\":\"ListItem\",\"position\":1,\"name\":\"Home\",\"item\":\"https:\/\/www.eternitylogistic.com\/\"},{\"@type\":\"ListItem\",\"position\":2,\"name\":\"FCL &amp; Parsiyel Deniz Yolu Ta\u015f\u0131mac\u0131l\u0131\u011f\u0131\"}]},{\"@type\":\"WebSite\",\"@id\":\"https:\/\/www.eternitylogistic.com\/#website\",\"url\":\"https:\/\/www.eternitylogistic.com\/\",\"name\":\"Eternity Logistic\",\"description\":\"Uluslararas\u0131 Ta\u015f\u0131mac\u0131l\u0131k Hizmetleri\",\"publisher\":{\"@id\":\"https:\/\/www.eternitylogistic.com\/#organization\"},\"potentialAction\":[{\"@type\":\"SearchAction\",\"target\":{\"@type\":\"EntryPoint\",\"urlTemplate\":\"https:\/\/www.eternitylogistic.com\/?s={search_term_string}\"},\"query-input\":{\"@type\":\"PropertyValueSpecification\",\"valueRequired\":true,\"valueName\":\"search_term_string\"}}],\"inLanguage\":\"en-US\"},{\"@type\":\"Organization\",\"@id\":\"https:\/\/www.eternitylogistic.com\/#organization\",\"name\":\"Eternity Logistic\",\"url\":\"https:\/\/www.eternitylogistic.com\/\",\"logo\":{\"@type\":\"ImageObject\",\"inLanguage\":\"en-US\",\"@id\":\"https:\/\/www.eternitylogistic.com\/#\/schema\/logo\/image\/\",\"url\":\"https:\/\/www.eternitylogistic.com\/wp-content\/uploads\/2023\/04\/eternity-logo-1.png\",\"contentUrl\":\"https:\/\/www.eternitylogistic.com\/wp-content\/uploads\/2023\/04\/eternity-logo-1.png\",\"width\":612,\"height\":174,\"caption\":\"Eternity Logistic\"},\"image\":{\"@id\":\"https:\/\/www.eternitylogistic.com\/#\/schema\/logo\/image\/\"},\"sameAs\":[\"https:\/\/www.facebook.com\/eternitylogistic\",\"https:\/\/www.instagram.com\/eternitylogistic\/\",\"https:\/\/www.linkedin.com\/company\/eternitylogistic\/\"]}]}<\/script>\n<!-- \/ Yoast SEO plugin. -->","yoast_head_json":{"title":"FCL &amp; Parsiyel Deniz Yolu Ta\u015f\u0131mac\u0131l\u0131\u011f\u0131 - Eternity Logistic","description":"Eternity Logistic olarak FCL ve parsiyel y\u00fckleriniz i\u00e7in en iyi \u00e7\u00f6z\u00fcmleri sunuyoruz. G\u00fcvenli, h\u0131zl\u0131 ve ekonomik ta\u015f\u0131mac\u0131l\u0131k i\u00e7in bize ula\u015f\u0131n.","robots":{"index":"index","follow":"follow","max-snippet":"max-snippet:-1","max-image-preview":"max-image-preview:large","max-video-preview":"max-video-preview:-1"},"canonical":"https:\/\/www.eternitylogistic.com\/en\/fcl-parsiyel-deniz-yolu-tasimaciligi\/","og_locale":"en_US","og_type":"article","og_title":"FCL &amp; Parsiyel Deniz Yolu Ta\u015f\u0131mac\u0131l\u0131\u011f\u0131 - Eternity Logistic","og_description":"Eternity Logistic olarak FCL ve parsiyel y\u00fckleriniz i\u00e7in en iyi \u00e7\u00f6z\u00fcmleri sunuyoruz. G\u00fcvenli, h\u0131zl\u0131 ve ekonomik ta\u015f\u0131mac\u0131l\u0131k i\u00e7in bize ula\u015f\u0131n.","og_url":"https:\/\/www.eternitylogistic.com\/en\/fcl-parsiyel-deniz-yolu-tasimaciligi\/","og_site_name":"Eternity Logistic","article_publisher":"https:\/\/www.facebook.com\/eternitylogistic","article_modified_time":"2025-03-20T09:49:35+00:00","og_image":[{"width":2000,"height":1500,"url":"https:\/\/www.eternitylogistic.com\/wp-content\/uploads\/2024\/10\/Denizyolueternitywebsite-jpg.webp","type":"image\/jpeg"}],"twitter_card":"summary_large_image","twitter_misc":{"Est. reading time":"1 minute"},"schema":{"@context":"https:\/\/schema.org","@graph":[{"@type":"WebPage","@id":"https:\/\/www.eternitylogistic.com\/fcl-parsiyel-deniz-yolu-tasimaciligi\/","url":"https:\/\/www.eternitylogistic.com\/fcl-parsiyel-deniz-yolu-tasimaciligi\/","name":"FCL &amp; Parsiyel Deniz Yolu Ta\u015f\u0131mac\u0131l\u0131\u011f\u0131 - Eternity Logistic","isPartOf":{"@id":"https:\/\/www.eternitylogistic.com\/#website"},"primaryImageOfPage":{"@id":"https:\/\/www.eternitylogistic.com\/fcl-parsiyel-deniz-yolu-tasimaciligi\/#primaryimage"},"image":{"@id":"https:\/\/www.eternitylogistic.com\/fcl-parsiyel-deniz-yolu-tasimaciligi\/#primaryimage"},"thumbnailUrl":"https:\/\/www.eternitylogistic.com\/wp-content\/uploads\/2024\/10\/Denizyolueternitywebsite-1024x768.webp","datePublished":"2024-10-11T11:04:22+00:00","dateModified":"2025-03-20T09:49:35+00:00","description":"Eternity Logistic olarak FCL ve parsiyel y\u00fckleriniz i\u00e7in en iyi \u00e7\u00f6z\u00fcmleri sunuyoruz. G\u00fcvenli, h\u0131zl\u0131 ve ekonomik ta\u015f\u0131mac\u0131l\u0131k i\u00e7in bize ula\u015f\u0131n.","breadcrumb":{"@id":"https:\/\/www.eternitylogistic.com\/fcl-parsiyel-deniz-yolu-tasimaciligi\/#breadcrumb"},"inLanguage":"en-US","potentialAction":[{"@type":"ReadAction","target":["https:\/\/www.eternitylogistic.com\/fcl-parsiyel-deniz-yolu-tasimaciligi\/"]}]},{"@type":"ImageObject","inLanguage":"en-US","@id":"https:\/\/www.eternitylogistic.com\/fcl-parsiyel-deniz-yolu-tasimaciligi\/#primaryimage","url":"https:\/\/www.eternitylogistic.com\/wp-content\/uploads\/2024\/10\/Denizyolueternitywebsite-1024x768.webp","contentUrl":"https:\/\/www.eternitylogistic.com\/wp-content\/uploads\/2024\/10\/Denizyolueternitywebsite-1024x768.webp"},{"@type":"BreadcrumbList","@id":"https:\/\/www.eternitylogistic.com\/fcl-parsiyel-deniz-yolu-tasimaciligi\/#breadcrumb","itemListElement":[{"@type":"ListItem","position":1,"name":"Home","item":"https:\/\/www.eternitylogistic.com\/"},{"@type":"ListItem","position":2,"name":"FCL &amp; Parsiyel Deniz Yolu Ta\u015f\u0131mac\u0131l\u0131\u011f\u0131"}]},{"@type":"WebSite","@id":"https:\/\/www.eternitylogistic.com\/#website","url":"https:\/\/www.eternitylogistic.com\/","name":"Eternity Logistic","description":"Uluslararas\u0131 Ta\u015f\u0131mac\u0131l\u0131k Hizmetleri","publisher":{"@id":"https:\/\/www.eternitylogistic.com\/#organization"},"potentialAction":[{"@type":"SearchAction","target":{"@type":"EntryPoint","urlTemplate":"https:\/\/www.eternitylogistic.com\/?s={search_term_string}"},"query-input":{"@type":"PropertyValueSpecification","valueRequired":true,"valueName":"search_term_string"}}],"inLanguage":"en-US"},{"@type":"Organization","@id":"https:\/\/www.eternitylogistic.com\/#organization","name":"Eternity Logistic","url":"https:\/\/www.eternitylogistic.com\/","logo":{"@type":"ImageObject","inLanguage":"en-US","@id":"https:\/\/www.eternitylogistic.com\/#\/schema\/logo\/image\/","url":"https:\/\/www.eternitylogistic.com\/wp-content\/uploads\/2023\/04\/eternity-logo-1.png","contentUrl":"https:\/\/www.eternitylogistic.com\/wp-content\/uploads\/2023\/04\/eternity-logo-1.png","width":612,"height":174,"caption":"Eternity Logistic"},"image":{"@id":"https:\/\/www.eternitylogistic.com\/#\/schema\/logo\/image\/"},"sameAs":["https:\/\/www.facebook.com\/eternitylogistic","https:\/\/www.instagram.com\/eternitylogistic\/","https:\/\/www.linkedin.com\/company\/eternitylogistic\/"]}]}},"_links":{"self":[{"href":"https:\/\/www.eternitylogistic.com\/en\/wp-json\/wp\/v2\/pages\/8340","targetHints":{"allow":["GET"]}}],"collection":[{"href":"https:\/\/www.eternitylogistic.com\/en\/wp-json\/wp\/v2\/pages"}],"about":[{"href":"https:\/\/www.eternitylogistic.com\/en\/wp-json\/wp\/v2\/types\/page"}],"author":[{"embeddable":true,"href":"https:\/\/www.eternitylogistic.com\/en\/wp-json\/wp\/v2\/users\/1"}],"replies":[{"embeddable":true,"href":"https:\/\/www.eternitylogistic.com\/en\/wp-json\/wp\/v2\/comments?post=8340"}],"version-history":[{"count":9,"href":"https:\/\/www.eternitylogistic.com\/en\/wp-json\/wp\/v2\/pages\/8340\/revisions"}],"predecessor-version":[{"id":8670,"href":"https:\/\/www.eternitylogistic.com\/en\/wp-json\/wp\/v2\/pages\/8340\/revisions\/8670"}],"wp:attachment":[{"href":"https:\/\/www.eternitylogistic.com\/en\/wp-json\/wp\/v2\/media?parent=8340"}],"curies":[{"name":"wp","href":"https:\/\/api.w.org\/{rel}","templated":true}]}}