{"id":8338,"date":"2024-10-11T14:01:03","date_gmt":"2024-10-11T11:01:03","guid":{"rendered":"https:\/\/www.eternitylogistic.com\/?page_id=8338"},"modified":"2025-03-20T12:55:37","modified_gmt":"2025-03-20T09:55:37","slug":"komple-parsiyel-karayolu-tasimaciligi","status":"publish","type":"page","link":"https:\/\/www.eternitylogistic.com\/en\/komple-parsiyel-karayolu-tasimaciligi\/","title":{"rendered":"Komple &amp; Parsiyel Karayolu Ta\u015f\u0131mac\u0131l\u0131\u011f\u0131"},"content":{"rendered":"<div data-elementor-type=\"wp-page\" data-elementor-id=\"8338\" class=\"elementor elementor-8338\">\n\t\t\t\t\t\t<section class=\"elementor-section elementor-top-section elementor-element elementor-element-188324d8 elementor-section-boxed elementor-section-height-default elementor-section-height-default qodef-elementor-content-no\" data-id=\"188324d8\" data-element_type=\"section\" data-e-type=\"section\">\n\t\t\t\t\t\t<div class=\"elementor-container elementor-column-gap-default\">\n\t\t\t\t\t<div class=\"elementor-column elementor-col-100 elementor-top-column elementor-element elementor-element-491272ac\" data-id=\"491272ac\" data-element_type=\"column\" data-e-type=\"column\">\n\t\t\t<div class=\"elementor-widget-wrap elementor-element-populated\">\n\t\t\t\t\t\t<div class=\"elementor-element elementor-element-5afbf51 elementor-widget elementor-widget-heading\" data-id=\"5afbf51\" data-element_type=\"widget\" data-e-type=\"widget\" data-widget_type=\"heading.default\">\n\t\t\t\t<div class=\"elementor-widget-container\">\n\t\t\t\t\t<h2 class=\"elementor-heading-title elementor-size-default\">Eternity Logistic: Komple &amp; Parsiyel Karayolu Ta\u015f\u0131mac\u0131l\u0131\u011f\u0131<\/h2>\t\t\t\t<\/div>\n\t\t\t\t<\/div>\n\t\t\t\t<section class=\"elementor-section elementor-inner-section elementor-element elementor-element-a5517f0 elementor-section-boxed elementor-section-height-default elementor-section-height-default qodef-elementor-content-no\" data-id=\"a5517f0\" data-element_type=\"section\" data-e-type=\"section\">\n\t\t\t\t\t\t<div class=\"elementor-container elementor-column-gap-default\">\n\t\t\t\t\t<div class=\"elementor-column elementor-col-50 elementor-inner-column elementor-element elementor-element-9872be3\" data-id=\"9872be3\" data-element_type=\"column\" data-e-type=\"column\">\n\t\t\t<div class=\"elementor-widget-wrap elementor-element-populated\">\n\t\t\t\t\t\t<div class=\"elementor-element elementor-element-13939ef elementor-widget elementor-widget-image\" data-id=\"13939ef\" data-element_type=\"widget\" data-e-type=\"widget\" data-widget_type=\"image.default\">\n\t\t\t\t<div class=\"elementor-widget-container\">\n\t\t\t\t\t\t\t\t\t\t\t\t\t\t\t<img fetchpriority=\"high\" decoding=\"async\" width=\"1024\" height=\"768\" src=\"https:\/\/www.eternitylogistic.com\/wp-content\/uploads\/2024\/10\/Karayolueternitywebsite-1024x768.webp\" class=\"attachment-large size-large wp-image-8357 not-transparent\" alt=\"Karayolueternitywebsite\" srcset=\"https:\/\/www.eternitylogistic.com\/wp-content\/uploads\/2024\/10\/Karayolueternitywebsite-1024x768.webp 1024w, https:\/\/www.eternitylogistic.com\/wp-content\/uploads\/2024\/10\/Karayolueternitywebsite-300x225.webp 300w, https:\/\/www.eternitylogistic.com\/wp-content\/uploads\/2024\/10\/Karayolueternitywebsite-768x576.webp 768w, https:\/\/www.eternitylogistic.com\/wp-content\/uploads\/2024\/10\/Karayolueternitywebsite-1536x1152.webp 1536w, https:\/\/www.eternitylogistic.com\/wp-content\/uploads\/2024\/10\/Karayolueternitywebsite-jpg.webp 2000w\" sizes=\"(max-width: 1024px) 100vw, 1024px\" data-has-transparency=\"false\" data-dominant-color=\"9ac5c4\" style=\"--dominant-color: #9ac5c4\" \/>\t\t\t\t\t\t\t\t\t\t\t\t\t\t\t<\/div>\n\t\t\t\t<\/div>\n\t\t\t\t\t<\/div>\n\t\t<\/div>\n\t\t\t\t<div class=\"elementor-column elementor-col-50 elementor-inner-column elementor-element elementor-element-b62bb9b\" data-id=\"b62bb9b\" data-element_type=\"column\" data-e-type=\"column\">\n\t\t\t<div class=\"elementor-widget-wrap elementor-element-populated\">\n\t\t\t\t\t\t<div class=\"elementor-element elementor-element-3cbfde26 elementor-widget elementor-widget-text-editor\" data-id=\"3cbfde26\" data-element_type=\"widget\" data-e-type=\"widget\" data-widget_type=\"text-editor.default\">\n\t\t\t\t<div class=\"elementor-widget-container\">\n\t\t\t\t\t\t\t\t\t\n<div class=\"wp-block-columns is-layout-flex wp-container-core-columns-is-layout-9d6595d7 wp-block-columns-is-layout-flex\">\n<div class=\"wp-block-column is-layout-flow wp-block-column-is-layout-flow\"><\/div>\n\n<p>\u00a0<\/p>\n\t\t\t\t\t\t\t\t<\/div>\n\t\t\t\t<\/div>\n\t\t\t\t\t<\/div>\n\t\t<\/div>\n\t\t\t\t\t<\/div>\n\t\t<\/section>\n\t\t\t\t\t<\/div>\n\t\t<\/div>\n\t\t\t\t\t<\/div>\n\t\t<\/section>\n\t\t\t\t<\/div>","protected":false},"excerpt":{"rendered":"<p>Eternity Logistic: Komple &amp; Parsiyel Karayolu Ta\u015f\u0131mac\u0131l\u0131\u011f\u0131 \u00a0<\/p>","protected":false},"author":1,"featured_media":8258,"parent":0,"menu_order":0,"comment_status":"closed","ping_status":"closed","template":"","meta":{"footnotes":""},"class_list":["post-8338","page","type-page","status-publish","has-post-thumbnail","hentry"],"yoast_head":"<!-- This site is optimized with the Yoast SEO plugin v27.1.1 - https:\/\/yoast.com\/product\/yoast-seo-wordpress\/ -->\n<title>Komple &amp; Parsiyel Karayolu Ta\u015f\u0131mac\u0131l\u0131\u011f\u0131 - Eternity Logistic<\/title>\n<meta name=\"description\" content=\"Eternity Logistic, T\u00fcrkiye ve Avrupa&#039;da komple ve parsiyel karayolu ta\u015f\u0131mac\u0131l\u0131\u011f\u0131 hizmeti sunuyor, g\u00fcvenli ve zaman\u0131nda teslimat yap\u0131yoruz.\" \/>\n<meta name=\"robots\" content=\"index, follow, max-snippet:-1, max-image-preview:large, max-video-preview:-1\" \/>\n<link rel=\"canonical\" href=\"https:\/\/www.eternitylogistic.com\/en\/komple-parsiyel-karayolu-tasimaciligi\/\" \/>\n<meta property=\"og:locale\" content=\"en_US\" \/>\n<meta property=\"og:type\" content=\"article\" \/>\n<meta property=\"og:title\" content=\"Komple &amp; Parsiyel Karayolu Ta\u015f\u0131mac\u0131l\u0131\u011f\u0131 - Eternity Logistic\" \/>\n<meta property=\"og:description\" content=\"Eternity Logistic, T\u00fcrkiye ve Avrupa&#039;da komple ve parsiyel karayolu ta\u015f\u0131mac\u0131l\u0131\u011f\u0131 hizmeti sunuyor, g\u00fcvenli ve zaman\u0131nda teslimat yap\u0131yoruz.\" \/>\n<meta property=\"og:url\" content=\"https:\/\/www.eternitylogistic.com\/en\/komple-parsiyel-karayolu-tasimaciligi\/\" \/>\n<meta property=\"og:site_name\" content=\"Eternity Logistic\" \/>\n<meta property=\"article:publisher\" content=\"https:\/\/www.facebook.com\/eternitylogistic\" \/>\n<meta property=\"article:modified_time\" content=\"2025-03-20T09:55:37+00:00\" \/>\n<meta property=\"og:image\" content=\"https:\/\/www.eternitylogistic.com\/wp-content\/uploads\/2024\/02\/PHOTO-2022-06-21-16-48-43-2.jpg\" \/>\n\t<meta property=\"og:image:width\" content=\"1600\" \/>\n\t<meta property=\"og:image:height\" content=\"1200\" \/>\n\t<meta property=\"og:image:type\" content=\"image\/jpeg\" \/>\n<meta name=\"twitter:card\" content=\"summary_large_image\" \/>\n<meta name=\"twitter:label1\" content=\"Est. reading time\" \/>\n\t<meta name=\"twitter:data1\" content=\"1 minute\" \/>\n<script type=\"application\/ld+json\" class=\"yoast-schema-graph\">{\"@context\":\"https:\/\/schema.org\",\"@graph\":[{\"@type\":\"WebPage\",\"@id\":\"https:\/\/www.eternitylogistic.com\/komple-parsiyel-karayolu-tasimaciligi\/\",\"url\":\"https:\/\/www.eternitylogistic.com\/komple-parsiyel-karayolu-tasimaciligi\/\",\"name\":\"Komple &amp; Parsiyel Karayolu Ta\u015f\u0131mac\u0131l\u0131\u011f\u0131 - Eternity Logistic\",\"isPartOf\":{\"@id\":\"https:\/\/www.eternitylogistic.com\/#website\"},\"primaryImageOfPage\":{\"@id\":\"https:\/\/www.eternitylogistic.com\/komple-parsiyel-karayolu-tasimaciligi\/#primaryimage\"},\"image\":{\"@id\":\"https:\/\/www.eternitylogistic.com\/komple-parsiyel-karayolu-tasimaciligi\/#primaryimage\"},\"thumbnailUrl\":\"https:\/\/www.eternitylogistic.com\/wp-content\/uploads\/2024\/02\/PHOTO-2022-06-21-16-48-43-2.jpg\",\"datePublished\":\"2024-10-11T11:01:03+00:00\",\"dateModified\":\"2025-03-20T09:55:37+00:00\",\"description\":\"Eternity Logistic, T\u00fcrkiye ve Avrupa'da komple ve parsiyel karayolu ta\u015f\u0131mac\u0131l\u0131\u011f\u0131 hizmeti sunuyor, g\u00fcvenli ve zaman\u0131nda teslimat yap\u0131yoruz.\",\"breadcrumb\":{\"@id\":\"https:\/\/www.eternitylogistic.com\/komple-parsiyel-karayolu-tasimaciligi\/#breadcrumb\"},\"inLanguage\":\"en-US\",\"potentialAction\":[{\"@type\":\"ReadAction\",\"target\":[\"https:\/\/www.eternitylogistic.com\/komple-parsiyel-karayolu-tasimaciligi\/\"]}]},{\"@type\":\"ImageObject\",\"inLanguage\":\"en-US\",\"@id\":\"https:\/\/www.eternitylogistic.com\/komple-parsiyel-karayolu-tasimaciligi\/#primaryimage\",\"url\":\"https:\/\/www.eternitylogistic.com\/wp-content\/uploads\/2024\/02\/PHOTO-2022-06-21-16-48-43-2.jpg\",\"contentUrl\":\"https:\/\/www.eternitylogistic.com\/wp-content\/uploads\/2024\/02\/PHOTO-2022-06-21-16-48-43-2.jpg\",\"width\":1600,\"height\":1200,\"caption\":\"PHOTO 2022 06 21 16 48 43 2\"},{\"@type\":\"BreadcrumbList\",\"@id\":\"https:\/\/www.eternitylogistic.com\/komple-parsiyel-karayolu-tasimaciligi\/#breadcrumb\",\"itemListElement\":[{\"@type\":\"ListItem\",\"position\":1,\"name\":\"Home\",\"item\":\"https:\/\/www.eternitylogistic.com\/\"},{\"@type\":\"ListItem\",\"position\":2,\"name\":\"Komple &amp; Parsiyel Karayolu Ta\u015f\u0131mac\u0131l\u0131\u011f\u0131\"}]},{\"@type\":\"WebSite\",\"@id\":\"https:\/\/www.eternitylogistic.com\/#website\",\"url\":\"https:\/\/www.eternitylogistic.com\/\",\"name\":\"Eternity Logistic\",\"description\":\"Uluslararas\u0131 Ta\u015f\u0131mac\u0131l\u0131k Hizmetleri\",\"publisher\":{\"@id\":\"https:\/\/www.eternitylogistic.com\/#organization\"},\"potentialAction\":[{\"@type\":\"SearchAction\",\"target\":{\"@type\":\"EntryPoint\",\"urlTemplate\":\"https:\/\/www.eternitylogistic.com\/?s={search_term_string}\"},\"query-input\":{\"@type\":\"PropertyValueSpecification\",\"valueRequired\":true,\"valueName\":\"search_term_string\"}}],\"inLanguage\":\"en-US\"},{\"@type\":\"Organization\",\"@id\":\"https:\/\/www.eternitylogistic.com\/#organization\",\"name\":\"Eternity Logistic\",\"url\":\"https:\/\/www.eternitylogistic.com\/\",\"logo\":{\"@type\":\"ImageObject\",\"inLanguage\":\"en-US\",\"@id\":\"https:\/\/www.eternitylogistic.com\/#\/schema\/logo\/image\/\",\"url\":\"https:\/\/www.eternitylogistic.com\/wp-content\/uploads\/2023\/04\/eternity-logo-1.png\",\"contentUrl\":\"https:\/\/www.eternitylogistic.com\/wp-content\/uploads\/2023\/04\/eternity-logo-1.png\",\"width\":612,\"height\":174,\"caption\":\"Eternity Logistic\"},\"image\":{\"@id\":\"https:\/\/www.eternitylogistic.com\/#\/schema\/logo\/image\/\"},\"sameAs\":[\"https:\/\/www.facebook.com\/eternitylogistic\",\"https:\/\/www.instagram.com\/eternitylogistic\/\",\"https:\/\/www.linkedin.com\/company\/eternitylogistic\/\"]}]}<\/script>\n<!-- \/ Yoast SEO plugin. -->","yoast_head_json":{"title":"Komple &amp; Parsiyel Karayolu Ta\u015f\u0131mac\u0131l\u0131\u011f\u0131 - Eternity Logistic","description":"Eternity Logistic, T\u00fcrkiye ve Avrupa'da komple ve parsiyel karayolu ta\u015f\u0131mac\u0131l\u0131\u011f\u0131 hizmeti sunuyor, g\u00fcvenli ve zaman\u0131nda teslimat yap\u0131yoruz.","robots":{"index":"index","follow":"follow","max-snippet":"max-snippet:-1","max-image-preview":"max-image-preview:large","max-video-preview":"max-video-preview:-1"},"canonical":"https:\/\/www.eternitylogistic.com\/en\/komple-parsiyel-karayolu-tasimaciligi\/","og_locale":"en_US","og_type":"article","og_title":"Komple &amp; Parsiyel Karayolu Ta\u015f\u0131mac\u0131l\u0131\u011f\u0131 - Eternity Logistic","og_description":"Eternity Logistic, T\u00fcrkiye ve Avrupa'da komple ve parsiyel karayolu ta\u015f\u0131mac\u0131l\u0131\u011f\u0131 hizmeti sunuyor, g\u00fcvenli ve zaman\u0131nda teslimat yap\u0131yoruz.","og_url":"https:\/\/www.eternitylogistic.com\/en\/komple-parsiyel-karayolu-tasimaciligi\/","og_site_name":"Eternity Logistic","article_publisher":"https:\/\/www.facebook.com\/eternitylogistic","article_modified_time":"2025-03-20T09:55:37+00:00","og_image":[{"width":1600,"height":1200,"url":"https:\/\/www.eternitylogistic.com\/wp-content\/uploads\/2024\/02\/PHOTO-2022-06-21-16-48-43-2.jpg","type":"image\/jpeg"}],"twitter_card":"summary_large_image","twitter_misc":{"Est. reading time":"1 minute"},"schema":{"@context":"https:\/\/schema.org","@graph":[{"@type":"WebPage","@id":"https:\/\/www.eternitylogistic.com\/komple-parsiyel-karayolu-tasimaciligi\/","url":"https:\/\/www.eternitylogistic.com\/komple-parsiyel-karayolu-tasimaciligi\/","name":"Komple &amp; Parsiyel Karayolu Ta\u015f\u0131mac\u0131l\u0131\u011f\u0131 - Eternity Logistic","isPartOf":{"@id":"https:\/\/www.eternitylogistic.com\/#website"},"primaryImageOfPage":{"@id":"https:\/\/www.eternitylogistic.com\/komple-parsiyel-karayolu-tasimaciligi\/#primaryimage"},"image":{"@id":"https:\/\/www.eternitylogistic.com\/komple-parsiyel-karayolu-tasimaciligi\/#primaryimage"},"thumbnailUrl":"https:\/\/www.eternitylogistic.com\/wp-content\/uploads\/2024\/02\/PHOTO-2022-06-21-16-48-43-2.jpg","datePublished":"2024-10-11T11:01:03+00:00","dateModified":"2025-03-20T09:55:37+00:00","description":"Eternity Logistic, T\u00fcrkiye ve Avrupa'da komple ve parsiyel karayolu ta\u015f\u0131mac\u0131l\u0131\u011f\u0131 hizmeti sunuyor, g\u00fcvenli ve zaman\u0131nda teslimat yap\u0131yoruz.","breadcrumb":{"@id":"https:\/\/www.eternitylogistic.com\/komple-parsiyel-karayolu-tasimaciligi\/#breadcrumb"},"inLanguage":"en-US","potentialAction":[{"@type":"ReadAction","target":["https:\/\/www.eternitylogistic.com\/komple-parsiyel-karayolu-tasimaciligi\/"]}]},{"@type":"ImageObject","inLanguage":"en-US","@id":"https:\/\/www.eternitylogistic.com\/komple-parsiyel-karayolu-tasimaciligi\/#primaryimage","url":"https:\/\/www.eternitylogistic.com\/wp-content\/uploads\/2024\/02\/PHOTO-2022-06-21-16-48-43-2.jpg","contentUrl":"https:\/\/www.eternitylogistic.com\/wp-content\/uploads\/2024\/02\/PHOTO-2022-06-21-16-48-43-2.jpg","width":1600,"height":1200,"caption":"PHOTO 2022 06 21 16 48 43 2"},{"@type":"BreadcrumbList","@id":"https:\/\/www.eternitylogistic.com\/komple-parsiyel-karayolu-tasimaciligi\/#breadcrumb","itemListElement":[{"@type":"ListItem","position":1,"name":"Home","item":"https:\/\/www.eternitylogistic.com\/"},{"@type":"ListItem","position":2,"name":"Komple &amp; Parsiyel Karayolu Ta\u015f\u0131mac\u0131l\u0131\u011f\u0131"}]},{"@type":"WebSite","@id":"https:\/\/www.eternitylogistic.com\/#website","url":"https:\/\/www.eternitylogistic.com\/","name":"Eternity Logistic","description":"Uluslararas\u0131 Ta\u015f\u0131mac\u0131l\u0131k Hizmetleri","publisher":{"@id":"https:\/\/www.eternitylogistic.com\/#organization"},"potentialAction":[{"@type":"SearchAction","target":{"@type":"EntryPoint","urlTemplate":"https:\/\/www.eternitylogistic.com\/?s={search_term_string}"},"query-input":{"@type":"PropertyValueSpecification","valueRequired":true,"valueName":"search_term_string"}}],"inLanguage":"en-US"},{"@type":"Organization","@id":"https:\/\/www.eternitylogistic.com\/#organization","name":"Eternity Logistic","url":"https:\/\/www.eternitylogistic.com\/","logo":{"@type":"ImageObject","inLanguage":"en-US","@id":"https:\/\/www.eternitylogistic.com\/#\/schema\/logo\/image\/","url":"https:\/\/www.eternitylogistic.com\/wp-content\/uploads\/2023\/04\/eternity-logo-1.png","contentUrl":"https:\/\/www.eternitylogistic.com\/wp-content\/uploads\/2023\/04\/eternity-logo-1.png","width":612,"height":174,"caption":"Eternity Logistic"},"image":{"@id":"https:\/\/www.eternitylogistic.com\/#\/schema\/logo\/image\/"},"sameAs":["https:\/\/www.facebook.com\/eternitylogistic","https:\/\/www.instagram.com\/eternitylogistic\/","https:\/\/www.linkedin.com\/company\/eternitylogistic\/"]}]}},"_links":{"self":[{"href":"https:\/\/www.eternitylogistic.com\/en\/wp-json\/wp\/v2\/pages\/8338","targetHints":{"allow":["GET"]}}],"collection":[{"href":"https:\/\/www.eternitylogistic.com\/en\/wp-json\/wp\/v2\/pages"}],"about":[{"href":"https:\/\/www.eternitylogistic.com\/en\/wp-json\/wp\/v2\/types\/page"}],"author":[{"embeddable":true,"href":"https:\/\/www.eternitylogistic.com\/en\/wp-json\/wp\/v2\/users\/1"}],"replies":[{"embeddable":true,"href":"https:\/\/www.eternitylogistic.com\/en\/wp-json\/wp\/v2\/comments?post=8338"}],"version-history":[{"count":20,"href":"https:\/\/www.eternitylogistic.com\/en\/wp-json\/wp\/v2\/pages\/8338\/revisions"}],"predecessor-version":[{"id":8673,"href":"https:\/\/www.eternitylogistic.com\/en\/wp-json\/wp\/v2\/pages\/8338\/revisions\/8673"}],"wp:featuredmedia":[{"embeddable":true,"href":"https:\/\/www.eternitylogistic.com\/en\/wp-json\/wp\/v2\/media\/8258"}],"wp:attachment":[{"href":"https:\/\/www.eternitylogistic.com\/en\/wp-json\/wp\/v2\/media?parent=8338"}],"curies":[{"name":"wp","href":"https:\/\/api.w.org\/{rel}","templated":true}]}}